{"id":122,"date":"2020-01-03T23:23:39","date_gmt":"2020-01-03T23:23:39","guid":{"rendered":"https:\/\/fonnesbaek.wordpress.com\/?page_id=122"},"modified":"2020-01-03T23:23:39","modified_gmt":"2020-01-03T23:23:39","slug":"vi-karoline-marie-jensen-fonnesbech-fonnesbaek","status":"publish","type":"page","link":"https:\/\/www.fonnesbaek.com\/index.php\/vi-karoline-marie-jensen-fonnesbech-fonnesbaek\/","title":{"rendered":"VI   KAROLINE MARIE JENSEN FONNESBECH (FONNESB\u00c6K)"},"content":{"rendered":"\n<p>VI<\/p>\n\n\n\n<p><strong>KAROLINE MARIE JENSEN FONNESBECH (FONNESB\u00c6K)<\/strong><\/p>\n\n\n\n<p>F. 10\/9-1887 i Rind<\/p>\n\n\n\n<p><strong>\u2020<\/strong> 5\/2 \u2013 1954 i SNEJBJERG<\/p>\n\n\n\n<p>B. TROLDHEDE KIRKEG\u00c5RD<\/p>\n\n\n\n<p>G. XX M. JENS PEDER FONNESBECH JENSEN<\/p>\n\n\n\n<p>FAR: JENS PEDERSEN FONNESB\u00c6K (UHRE)<\/p>\n\n\n\n<p>MOR: JENSINE JENSEN<\/p>\n\n\n\n<p>BR\u00d8DRE: JENS FONVAD FONNESB\u00c6K<\/p>\n\n\n\n<p>\u00a0\u00a0\u00a0\u00a0\u00a0\u00a0\u00a0\u00a0\u00a0 \u00a0 \u00a0 \u00a0   CHRISTEN PEDER FONNESB\u00c6K<\/p>\n\n\n\n<p>\u00a0\u00a0\u00a0\u00a0\u00a0\u00a0\u00a0\u00a0\u00a0\u00a0\u00a0\u00a0\u00a0\u00a0    LAUGE KRISTIAN FONNESB\u00c6K<\/p>\n\n\n\n<p>S\u00d8STRE:&nbsp; MARIANE JENSEN (FONNESB\u00c6K)<\/p>\n\n\n\n<p>\u00a0\u00a0\u00a0\u00a0\u00a0\u00a0\u00a0\u00a0\u00a0\u00a0\u00a0\u00a0\u00a0\u00a0    METTE MARIE JENSEN (FONNESB\u00c6K)<\/p>\n\n\n\n<p>\u00a0\u00a0\u00a0\u00a0\u00a0\u00a0\u00a0\u00a0\u00a0\u00a0  \u00a0\u00a0\u00a0\u00a0 MAREN JENEN FONNESB\u00c6K<\/p>\n\n\n\n<p>\u00a0\u00a0\u00a0\u00a0\u00a0\u00a0\u00a0\u00a0\u00a0\u00a0\u00a0\u00a0\u00a0\u00a0\u00a0\u00a0 ELSE JENSEN<\/p>\n\n\n\n<p>\u00a0\u00a0\u00a0\u00a0\u00a0\u00a0\u00a0\u00a0\u00a0\u00a0\u00a0\u00a0\u00a0\u00a0 <strong>JENS PEDER FONNESBECH JENSEN<\/strong><\/p>\n\n\n\n<p>&nbsp;&nbsp;&nbsp;&nbsp;&nbsp;&nbsp;&nbsp;&nbsp;&nbsp;&nbsp;&nbsp;&nbsp;&nbsp;&nbsp;&nbsp;&nbsp; F. 14\/11 \u2013 1883 I SNEJBJERG<\/p>\n\n\n\n<p>\u00a0\u00a0\u00a0\u00a0\u00a0\u00a0\u00a0\u00a0\u00a0\u00a0\u00a0\u00a0\u00a0\u00a0\u00a0\u00a0<strong> \u2020<\/strong> 10\/10 \u2013 1962 I TROLDHEDE<\/p>\n\n\n\n<p>&nbsp;&nbsp;&nbsp;&nbsp;&nbsp;&nbsp;&nbsp;&nbsp;&nbsp;&nbsp;&nbsp;&nbsp;&nbsp;&nbsp; &nbsp;B. TROLDHEDE KIRKEG\u00c5RD<\/p>\n\n\n\n<p>4 B\u00d8RN:<br>VI.A   BENTHE MARIE FONNESBECH JENSEN<br>VI.B   KIRSTINE FONNESBECH JENSEN<br>VI.C   MARIE FONNESBECH JENSEN<br>VI.D   ELNA FONNESBECH JENSEN<\/p>\n\n\n\n<figure class=\"wp-block-image size-large\"><img loading=\"lazy\" decoding=\"async\" width=\"420\" height=\"315\" src=\"http:\/\/www.fonnesbaek.com\/wp-content\/uploads\/2020\/01\/image-101-1.png?w=420\" alt=\"\" class=\"wp-image-248\" srcset=\"https:\/\/www.fonnesbaek.com\/wp-content\/uploads\/2020\/01\/image-101-1.png 420w, https:\/\/www.fonnesbaek.com\/wp-content\/uploads\/2020\/01\/image-101-1-300x225.png 300w\" sizes=\"auto, (max-width: 420px) 100vw, 420px\" \/><figcaption> TROLDHEDE KIRKEG\u00c5RD <\/figcaption><\/figure>\n\n\n\n<figure class=\"wp-block-table\"><table><tbody><tr><td>&nbsp;ID:<\/td><td>716<\/td><\/tr><tr><td>Navn p\u00e5 afd\u00f8de:<\/td><td>Karoline Fonnesbech Jensen<\/td><\/tr><tr><td>F\u00f8dt den:<\/td><td>1887-09-10<\/td><td>F\u00f8dested:<\/td><td>Rind<\/td><\/tr><tr><td>D\u00f8d den:<\/td><td>1954-02-05<\/td><td>D\u00f8dssted:<\/td><td>Troldhede<\/td><\/tr><\/tbody><\/table><\/figure>\n\n\n\n<figure class=\"wp-block-table\"><table><tbody><tr><td>ID:<\/td><td>717<\/td><\/tr><tr><td>Navn p\u00e5 afd\u00f8de:<\/td><td>Jens Peder Fonnesbech Jensen<\/td><\/tr><tr><td>F\u00f8dt den:<\/td><td>1883-11-14<\/td><td>F\u00f8dested:<\/td><td>Snejbjerg<\/td><\/tr><tr><td>D\u00f8d den:<\/td><td>1962-10-10<\/td><td>D\u00f8dssted:<\/td><td>Troldhede<\/td><\/tr><\/tbody><\/table><\/figure>\n\n\n\n<p>Ringk\u00f8bing amt Hammerum herred<br>1916 Snejbjerg sogn C4993<br>Der vises post nr. 1504 til 1803 af i alt 2381<\/p>\n\n\n\n<p>Fkt-1916; Snejbjerg \u2013 Liste 20 Volsgaard; 15; &#8211;<br>1240; Jens Peter Fonnesbech Jensen; m; 33; gift; Husfader\/Landmand (Husmand)<\/p>\n\n\n\n<p>1241; Karoline Marie Fonnesbech Jensen; k; 29; gift; Husmoder<br>1242; Kirstine Fonnesbech Jensen; k; 7; ugift; Barn<br>1243; Marie Fonnesbech Jensen; k; 5; ugift; Barn<br>1244; Elna Fonnesbech Jensen; k; 2; ugift; BarnFkt-1916; Snejbjerg \u2013 Liste 20 Volsgaard; 8; &#8211;<br><strong><em>1206; Benthe Marie Fonnesbech; k; 13; Tyende<\/em><\/strong><\/p>\n\n\n\n<p>VI.A<\/p>\n\n\n\n<p><strong>BENTHE MARIE FONNESBECH JENSEN<\/strong><br>F. 1903<br><strong>\u2020<\/strong> ?<br>G.<br>FAR: JENS PEDER FONNESBECH JENSEN<br>MOR: KAROLINE MARIE JENSEN (FONNESB\u00c6K)<br>S\u00d8STRE: KIRSTINE FONNESBECH JENSEN<br>\u00a0\u00a0\u00a0\u00a0\u00a0\u00a0\u00a0\u00a0\u00a0\u00a0\u00a0\u00a0\u00a0 MARIE FONNESBECH JENSEN<br>\u00a0\u00a0\u00a0\u00a0\u00a0\u00a0\u00a0\u00a0\u00a0\u00a0\u00a0\u00a0\u00a0 ELNA FONNESBECH JENSEN<\/p>\n\n\n\n<p>VI.B<\/p>\n\n\n\n<p><strong>KIRSTINE FONNESBECH JENSEN<br><\/strong>F. 1909<br><strong>\u2020<\/strong> ?<br>G.<br>FAR: JENS PEDER FONNESBECH JENSEN<br>MOR: KAROLINE MARIE JENSEN (FONNESB\u00c6K)<br>S\u00d8STRE: BENTHE MARIE FONNESBECH JENSEN<br>\u00a0\u00a0\u00a0\u00a0\u00a0\u00a0\u00a0\u00a0\u00a0\u00a0\u00a0\u00a0\u00a0 MARIE FONNESBECH JENSEN<br>\u00a0\u00a0\u00a0\u00a0\u00a0\u00a0\u00a0\u00a0\u00a0\u00a0\u00a0\u00a0\u00a0 ELNA FONNESBECH JENSEN<\/p>\n\n\n\n<p>VI.C<\/p>\n\n\n\n<p><strong>MARIE FONNESBECH JENSEN<br><\/strong>F. 1911<br><strong>\u2020<\/strong> ?<br>G.<br>FAR: JENS PEDER FONNESBECH JENSEN<br>MOR: KAROLINE MARIE JENSEN (FONNESB\u00c6K)<br>S\u00d8STRE: BENTHE MARIE FONNESBECH JENSEN<br>\u00a0\u00a0\u00a0\u00a0\u00a0\u00a0\u00a0\u00a0\u00a0\u00a0\u00a0\u00a0\u00a0 KIRSTINE FONNESBECH JENSEN<br>\u00a0\u00a0\u00a0\u00a0\u00a0\u00a0\u00a0\u00a0\u00a0 \u00a0\u00a0\u00a0\u00a0ELNA FONNESBECH JENSEN<\/p>\n\n\n\n<p>VI.D<\/p>\n\n\n\n<p><strong>ELNA FONNESBECH JENSEN<br><\/strong>F. 1914<br><strong>\u2020 <\/strong>?<br>G.<br>FAR: JENS PEDER FONNESBECH JENSEN<br>MOR: KAROLINE MARIE JENSEN (FONNESB\u00c6K)<br>S\u00d8STRE: BENTHE MARIE FONNESBECH JENSEN<br>\u00a0\u00a0\u00a0\u00a0\u00a0\u00a0\u00a0\u00a0\u00a0\u00a0\u00a0\u00a0\u00a0 KIRSTINE FONNESBECH JENSEN<br>\u00a0\u00a0\u00a0\u00a0\u00a0\u00a0\u00a0\u00a0\u00a0\u00a0\u00a0\u00a0\u00a0 MARIE FONNESBECH JENSEN<\/p>\n\n\n\n<p>SLUT<\/p>\n\n\n\n<p><\/p>\n","protected":false},"excerpt":{"rendered":"<p>VI KAROLINE MARIE JENSEN FONNESBECH (FONNESB\u00c6K) F. 10\/9-1887 i Rind \u2020 5\/2 \u2013 1954 i SNEJBJERG B. TROLDHEDE KIRKEG\u00c5RD G. XX M. JENS PEDER FONNESBECH JENSEN FAR: JENS PEDERSEN FONNESB\u00c6K (UHRE) MOR: JENSINE JENSEN BR\u00d8DRE: JENS FONVAD FONNESB\u00c6K \u00a0\u00a0\u00a0\u00a0\u00a0\u00a0\u00a0\u00a0\u00a0 \u00a0 \u00a0 \u00a0 CHRISTEN PEDER FONNESB\u00c6K \u00a0\u00a0\u00a0\u00a0\u00a0\u00a0\u00a0\u00a0\u00a0\u00a0\u00a0\u00a0\u00a0\u00a0 LAUGE KRISTIAN FONNESB\u00c6K S\u00d8STRE:&nbsp; MARIANE JENSEN (FONNESB\u00c6K) \u00a0\u00a0\u00a0\u00a0\u00a0\u00a0\u00a0\u00a0\u00a0\u00a0\u00a0\u00a0\u00a0\u00a0 METTE [&hellip;]<\/p>\n","protected":false},"author":1,"featured_media":0,"parent":0,"menu_order":0,"comment_status":"closed","ping_status":"closed","template":"","meta":{"footnotes":""},"class_list":["post-122","page","type-page","status-publish","hentry"],"_links":{"self":[{"href":"https:\/\/www.fonnesbaek.com\/index.php\/wp-json\/wp\/v2\/pages\/122","targetHints":{"allow":["GET"]}}],"collection":[{"href":"https:\/\/www.fonnesbaek.com\/index.php\/wp-json\/wp\/v2\/pages"}],"about":[{"href":"https:\/\/www.fonnesbaek.com\/index.php\/wp-json\/wp\/v2\/types\/page"}],"author":[{"embeddable":true,"href":"https:\/\/www.fonnesbaek.com\/index.php\/wp-json\/wp\/v2\/users\/1"}],"replies":[{"embeddable":true,"href":"https:\/\/www.fonnesbaek.com\/index.php\/wp-json\/wp\/v2\/comments?post=122"}],"version-history":[{"count":0,"href":"https:\/\/www.fonnesbaek.com\/index.php\/wp-json\/wp\/v2\/pages\/122\/revisions"}],"wp:attachment":[{"href":"https:\/\/www.fonnesbaek.com\/index.php\/wp-json\/wp\/v2\/media?parent=122"}],"curies":[{"name":"wp","href":"https:\/\/api.w.org\/{rel}","templated":true}]}}