{"id":128,"date":"2020-01-03T23:26:50","date_gmt":"2020-01-03T23:26:50","guid":{"rendered":"https:\/\/fonnesbaek.wordpress.com\/?page_id=128"},"modified":"2021-03-13T10:47:30","modified_gmt":"2021-03-13T09:47:30","slug":"vii-lauge-kristian-fonnesbaek","status":"publish","type":"page","link":"https:\/\/www.fonnesbaek.com\/index.php\/vii-lauge-kristian-fonnesbaek\/","title":{"rendered":"VII   LAUGE KRISTIAN FONNESB\u00c6K"},"content":{"rendered":"\n<figure class=\"wp-block-table\"><table><tbody><tr><td>VII<\/td><\/tr><tr><td><strong>LAUGE KRISTIAN FONNESB\u00c6K<\/strong><\/td><td>73 \u00c5R<\/td><\/tr><tr><td>F. 10\/4 \u2013 1878 I TANDERUPK\u00c6R<\/td><\/tr><tr><td>G. 15\/11 &#8211; 1906 M. ELSE MARIE MARIANNE<\/td><\/tr><tr><td><strong>\u2020<\/strong> 10\/8 \u2013 1952 I HERNING<\/td><\/tr><tr><td>B. SNEJBJERG KIRKEG\u00c5RD (ID. 342\/AFD. SYD\/GANG 11) FAMILIEGRAV BEVARET PR. 14\/7-2018.<\/td><\/tr><\/tbody><\/table><\/figure>\n\n\n\n<figure class=\"wp-block-table\"><table><tbody><tr><td>FAR:<\/td><td>JENS PEDERSEN UHRE (FONNESB\u00c6K)<\/td><\/tr><tr><td>MOR:<\/td><td>JENSINE JENSEN<\/td><\/tr><tr><td>BR\u00d8DRE:<\/td><td>JENS FONVAD FONNESB\u00c6<\/td><\/tr><tr><td>&nbsp;<\/td><td>CHRISTEN PEDER FONNESB\u00c6K<\/td><\/tr><tr><td>S\u00d8STRE:<\/td><td>MARIANE JENEN (FONNESB\u00c6K)<\/td><\/tr><tr><td>&nbsp;<\/td><td>METTE MARIE JENEN (FONNESB\u00c6K)<\/td><\/tr><tr><td>&nbsp;<\/td><td>KAROLINE MARIE JENSEN (FONNESB\u00c6K)<\/td><\/tr><tr><td>&nbsp;<\/td><td>MAREN FONNESB\u00c6K ELSE JENSEN<br>ELSE JENSEN<\/td><\/tr><\/tbody><\/table><\/figure>\n\n\n\n<figure class=\"wp-block-table\"><table><tbody><tr><td><strong>ELSE MARIE<\/strong> <strong>MARIANE FONNESB\u00c6K f.<\/strong> ?<\/td><\/tr><tr><td>F. 23\/12 \u2013 1885 I VOLSGAARD<\/td><\/tr><tr><td><strong>\u2020<\/strong> 21\/8 \u2013 1984 I HERNING<\/td><\/tr><tr><td>B. SNEJBJERG KIRKEG\u00c5RD (ID. 343\/AFD. SYD\/GANG 11)<\/td><\/tr><tr><td>FAR: ?<\/td><\/tr><tr><td>MOR: ?<\/td><\/tr><\/tbody><\/table><\/figure>\n\n\n\n<figure class=\"wp-block-table\"><table><tbody><tr><td>BOSAT:<\/td><td>? TANDERUPK\u00c6R<\/td><\/tr><tr><td>B\u00d8RN:<\/td><td>3<\/td><td>&nbsp;<\/td><\/tr><tr><td>VII.1<\/td><td>MARTHA JENSINE FONNESB\u00c6K<\/td><\/tr><tr><td>VII.2<\/td><td>JENS FONNRSB\u00c6K<\/td><\/tr><tr><td>VII.3<\/td><td>ELFRIDA FONNESB\u00c6K<\/td><\/tr><\/tbody><\/table><\/figure>\n\n\n\n<figure class=\"wp-block-image size-large\"><img loading=\"lazy\" decoding=\"async\" width=\"169\" height=\"124\" src=\"http:\/\/www.fonnesbaek.com\/wp-content\/uploads\/2020\/01\/image-239-1.png?w=169\" alt=\"\" class=\"wp-image-536\"\/><figcaption>SNEJBJERG KIRKEG\u00c5RD<\/figcaption><\/figure>\n\n\n\n<figure class=\"wp-block-image size-large\"><img loading=\"lazy\" decoding=\"async\" width=\"441\" height=\"592\" src=\"http:\/\/www.fonnesbaek.com\/wp-content\/uploads\/2020\/01\/image-240-1.png?w=441\" alt=\"\" class=\"wp-image-537\" srcset=\"https:\/\/www.fonnesbaek.com\/wp-content\/uploads\/2020\/01\/image-240-1.png 441w, https:\/\/www.fonnesbaek.com\/wp-content\/uploads\/2020\/01\/image-240-1-223x300.png 223w\" sizes=\"auto, (max-width: 441px) 100vw, 441px\" \/><figcaption>14\/7-2018 MIG VED LAUGE FAMILIE GRAVEN<\/figcaption><\/figure>\n\n\n\n<figure class=\"wp-block-table\"><table><tbody><tr><td>ID:<\/td><td>342<\/td><\/tr><tr><td>Afdeling:<\/td><td>Syd<\/td><td>Gang:<\/td><td>Gang nr. 11<\/td><\/tr><tr><td>Navn p\u00e5 afd\u00f8de:<\/td><td>Lauge Chr. Fonnesb\u00e6k<\/td><td>&nbsp;<\/td><td>&nbsp;<\/td><\/tr><tr><td>F\u00f8dt den:<\/td><td>1878-04-10<\/td><td>F\u00f8dested:<\/td><td>Tanderupk\u00e6r<\/td><\/tr><tr><td>D\u00f8d den:<\/td><td>1952-08-10<\/td><td>D\u00f8dssted:<\/td><td>Herning<\/td><\/tr><\/tbody><\/table><\/figure>\n\n\n\n<figure class=\"wp-block-table\"><table><tbody><tr><td>ID:<\/td><td>343<\/td><\/tr><tr><td>Afdeling:<\/td><td>Syd<\/td><td>Gang:<\/td><td>Gang nr. 11<\/td><\/tr><tr><td>Navn p\u00e5 afd\u00f8de:<\/td><td>Marianne Fonnesb\u00e6k<\/td><td>&nbsp;<\/td><td>&nbsp;<\/td><\/tr><tr><td>F\u00f8dt den:<\/td><td>1885-12-23<\/td><td>F\u00f8dested:<\/td><td>Voldsgaard<\/td><\/tr><tr><td>D\u00f8d den:<\/td><td>1984-08-21<\/td><td>D\u00f8dssted:<\/td><td>Herning<\/td><\/tr><\/tbody><\/table><figcaption><em>TAK FOR ALT <\/em><\/figcaption><\/figure>\n\n\n\n<p>VII.<br>Ringk\u00f8bing amt Hammerum herred<br>1916 Snejbjerg sogn C4993<br>Der vises post nr. 1504 til 1803 af ialt 2381<br>Fkt-1916; Snejbjerg &#8211; Liste 30 Tanderupk\u00e6r; 2; &#8211;<br>1625; Lauge Fonnesb\u00e6k; m; 38; gift; ; ; Husfader \/ Landbrug<br>1626; Mariane Fonnesb\u00e6k; k; 31; gift; ; ; Husmoder \/ Landbrug<br>1627; Martha Fonnesb\u00f8k; k; 8; ugift; ; ; Barn \/ Landbrug<br>1628; Jens Fonnesb\u00e6k; m; 5; ugift; ; ; Barn \/ Landbrug<br>1629; Elfrida Fonnesb\u00e6k; k; 1; ugift; ; ; Barn \/ Landbrug<br>FUNDET P\u00c5 NETTET D. 29-8-2011 TFL.<br>________________________________________<br><em>VII.<\/em><br><strong>Dansk Demografisk Database<\/strong><br>Udtr\u00e6k fra DDD Amt : Ringk\u00f8bing 1<br><em>Ringk\u00f8bing amt, Hammerum herred, Gjellerup,<\/em> <em><u>folket\u00e6llingen<\/u><\/em><\/p>\n\n\n\n<p><em><strong>1916<\/strong><\/em><strong><em><\/em><\/strong><\/p>\n\n\n\n<p><em>Navn:<\/em> Lauge Fonnesb\u00e6k <em>K\u00f8n:<\/em> M Civilstand: Gift<br><em>Erhverv:<\/em> Landbrug<br><em>Kilde:<\/em> FT-1916 <em>Amt:<\/em> Ringk\u00f8bing <em>Herred:<\/em> Hammerum <em>Sogn:<\/em> Snejbjerg <em>Stednavn:<\/em> Liste 30 <em>Husstands-\/familienr:<\/em> 2 <em>Indtastningsnr:<\/em> C4993 <em>L\u00f8benr.:<\/em> 1625 og 1626 og 1628 og 1629<br>&nbsp;<\/p>\n\n\n\n<p>Samtlige personer i husstanden<\/p>\n\n\n\n<figure class=\"wp-block-table\"><table><tbody><tr><td>Lauge Fonnesb\u00e6k<\/td><td>Gift<\/td><td>Husfader<\/td><td>Landbrug<\/td><\/tr><tr><td>Mariane Fonnesb\u00e6k<\/td><td>Gift<\/td><td>Husmoder<\/td><td>Landbrug<\/td><\/tr><tr><td>Martha Fonnesb\u00e6k<\/td><td>Ugift<\/td><td>Barn<\/td><td>Landbrug<\/td><\/tr><tr><td>Jens Fonnesb\u00e6k<\/td><td>Ugift<\/td><td>Barn<\/td><td>Landbrug<\/td><\/tr><tr><td>Elfrida Fonnesb\u00e6k<\/td><td>Ugift<\/td><td>Barn<\/td><td>Landbrug<\/td><\/tr><tr><td>&nbsp;<\/td><td>&nbsp;<\/td><td>&nbsp;<\/td><td>&nbsp;<\/td><\/tr><tr><td>Hilda Ottosen<\/td><td>Ugift<\/td><td>Tyende<\/td><td>Landbrug (Arbejdere)<\/td><\/tr><tr><td>Ejner Juel Andersen<\/td><td>Ugift<\/td><td>Tyende<\/td><td>Landbrug (Arbejdere)<\/td><\/tr><tr><td>&nbsp;<\/td><td>&nbsp;<\/td><td>&nbsp;<\/td><td>&nbsp;<\/td><\/tr><tr><td>&nbsp;<\/td><td>&nbsp;<\/td><td>&nbsp;<\/td><td>&nbsp;<\/td><\/tr><\/tbody><\/table><\/figure>\n\n\n\n<p>_______________________________________<\/p>\n\n\n\n<p><strong>Folket\u00e6llinger fra Hammerum herred i Ringk\u00f8bing amt 1916<\/strong><\/p>\n\n\n\n<p>Snejbjerg Lauge Fonnesb\u00e6k 38 gift Liste 30 Tanderupk\u00e6r; 2; -; Husfader ; Landbrug 81916-<br>Lauge Fonnesb\u00e6k F\u00f8dt kildedato: 10 apr. 1878 Husfader Adresse: Tanderupk\u00e6r<br>Matrikel: &#8211; Indkomst: 1750 Formue: 9000 Statsskat: 18,80 Kommuneskat: 102,00 Statsborgerforhold<\/p>\n\n\n\n<p>Folket\u00e6llinger fra Hammerum herred i Ringk\u00f8bing amt 1916<\/p>\n\n\n\n<p>Snejbjerg Mariane Fonnesb\u00e6k 31 gift Liste 30 Tanderupk\u00e6r; 2; -; Husmoder ; Landbrug<br>Mariane Fonnesb\u00e6k 23 dec. 1885 Adresse: Tanderupk\u00e6r Husmoder<\/p>\n\n\n\n<p>VII.1<br><strong>MARTHA JENSINE FONNESB\u00c6K<\/strong>&nbsp;&nbsp;&nbsp;&nbsp;&nbsp;&nbsp; 94 \u00e5r.<br>F. 9\/2 &#8211; 1908 TANDERUPKJ\u00c6R<\/p>\n\n\n\n<p><strong>\u2020 <\/strong>31\/7-2002 HAMMERUM<\/p>\n\n\n\n<p>B. SNEJBJERG KIRKEG\u00c5RD (ID. 342\/AFD. SYD\/GANG 11)<\/p>\n\n\n\n<p>FAMILIEGRAV BEVARET PR. 14\/7-2018.<br>FAR: LAUGE KRISTIAN FONNESB\u00c6K<br>MOR: MARIANNE FONNESB\u00c6K<br>BROR: JENS FONNRSB\u00c6K<br>S\u00d8STER: ELFRIDA FONNESB\u00c6K<\/p>\n\n\n\n<p><strong>Folket\u00e6llinger fra Hammerum herred i Ringk\u00f8bing amt 1916<\/strong><br>Martha Fonnesb\u00f8k&nbsp; feb 1908 Adresse: Tanderupk\u00e6r<\/p>\n\n\n\n<figure class=\"wp-block-image size-large\"><img loading=\"lazy\" decoding=\"async\" width=\"169\" height=\"124\" src=\"http:\/\/www.fonnesbaek.com\/wp-content\/uploads\/2020\/01\/image-241-1.png?w=169\" alt=\"\" class=\"wp-image-538\"\/><figcaption>SNEJBJERG KIRKEG\u00c5RD<\/figcaption><\/figure>\n\n\n\n<div class=\"wp-block-image\"><figure class=\"aligncenter size-large\"><img loading=\"lazy\" decoding=\"async\" width=\"549\" height=\"412\" src=\"http:\/\/www.fonnesbaek.com\/wp-content\/uploads\/2020\/01\/image-242-1.png?w=549\" alt=\"\" class=\"wp-image-539\" srcset=\"https:\/\/www.fonnesbaek.com\/wp-content\/uploads\/2020\/01\/image-242-1.png 549w, https:\/\/www.fonnesbaek.com\/wp-content\/uploads\/2020\/01\/image-242-1-300x225.png 300w\" sizes=\"auto, (max-width: 549px) 100vw, 549px\" \/><figcaption>BILLEDE FRA 14\/7-2018 <\/figcaption><\/figure><\/div>\n\n\n\n<figure class=\"wp-block-table\"><table><tbody><tr><td>ID:<\/td><td>344<\/td><\/tr><tr><td>Afdeling:<\/td><td>Syd<\/td><td>Gang:<\/td><td>Gang nr. 11<\/td><\/tr><tr><td>Navn p\u00e5 afd\u00f8de:<\/td><td>Martha Jensine Fonnesb\u00e6k<\/td><td>&nbsp;<\/td><td>&nbsp;<\/td><\/tr><tr><td>F\u00f8dt den:<\/td><td>1908-02-09<\/td><td>F\u00f8dested:<\/td><td>Tanderupk\u00e6r<\/td><\/tr><tr><td>D\u00f8d den:<\/td><td>2002-07-31<\/td><td>D\u00f8dssted:<\/td><td>Hammerum<\/td><\/tr><\/tbody><\/table><\/figure>\n\n\n\n<p>VII.2<br><strong>JENS FONNRSB\u00c6K<\/strong>&nbsp; &nbsp;&nbsp;&nbsp;&nbsp;&nbsp;&nbsp;&nbsp;&nbsp;&nbsp;&nbsp;&nbsp;&nbsp;&nbsp;&nbsp;&nbsp;&nbsp;&nbsp;&nbsp;&nbsp;&nbsp;&nbsp; 79 \u00c5R<br>F. 26\/12 \u2013 1911<br><strong>\u2020<\/strong> 7\/10 \u2013 1990<br>B. SNEJBJERG KIRKEG\u00c5RD (SYD GANG 11) FAMILIEGRAV BEVARET PR. 14\/7-2018<\/p>\n\n\n\n<p>FAR: LAUGE KRISTIAN FONNESB\u00c6K<br>MOR: MARIANNE FONNESB\u00c6K<br>S\u00d8STRE: MARTHA JENSINE FONNESB\u00c6K<br>&nbsp;&nbsp;&nbsp;&nbsp;&nbsp;&nbsp;&nbsp;&nbsp;&nbsp;&nbsp;&nbsp;&nbsp;&nbsp; ELFRIDA FONNESB\u00c6K<\/p>\n\n\n\n<p><strong>Folket\u00e6llinger fra Hammerum herred i Ringk\u00f8bing amt 1916<\/strong><br>Snejbjerg Jens Fonnesb\u00e6k 5 ugift Liste 30 Tanderupk\u00e6r; 2; -; Barn ; Landbrug 51916-<br>Jens Fonnesb\u00e6k F\u00f8dt kildedato: 26 dec 1911 Adresse: Tanderupk\u00e6r<\/p>\n\n\n\n<p>VII.2<br><strong>Dansk Demografisk Database<\/strong><br><strong>Udtr\u00e6k fra DDD Amt : Ringk\u00f8bing 1<\/strong><br><strong>Ringk\u00f8bing amt, Hammerum herred, Gjellerup,<u> folket\u00e6llingen<\/u><\/strong><\/p>\n\n\n\n<p><em>1916<\/em><\/p>\n\n\n\n<p><em>Navn:<\/em> Jens Fonnesb\u00e6k <em>K\u00f8n:<\/em> M Civilstand: Ugift<br><em>Erhverv:<\/em> Landmand<\/p>\n\n\n\n<p><br><em>Kilde:<\/em> FT-1916 <em>Amt:<\/em> Ringk\u00f8bing <em>Herred:<\/em> Hammerum <em>Sogn:<\/em> Snejbjerg <em>Stednavn:<\/em> Liste 26 <em>Husstands-\/familienr:<\/em> 19&nbsp;&nbsp;&nbsp; <em>Indtastningsnr:<\/em> C4993&nbsp;&nbsp;&nbsp;<em> L\u00f8benr.:<\/em> 1522<br>&nbsp;<\/p>\n\n\n\n<p><em>Samtlige personer i husstanden<\/em><br>Jens Fonnesb\u00e6k&nbsp;&nbsp;&nbsp;&nbsp;&nbsp;&nbsp;&nbsp;&nbsp; Ugift&nbsp;&nbsp;&nbsp;&nbsp;&nbsp;&nbsp;&nbsp;&nbsp;&nbsp;&nbsp; Ungkarl&nbsp;&nbsp;&nbsp;&nbsp; Landmand<\/p>\n\n\n\n<p>________________________________________<\/p>\n\n\n\n<div class=\"wp-block-image\"><figure class=\"alignleft size-large\"><img loading=\"lazy\" decoding=\"async\" width=\"169\" height=\"124\" src=\"http:\/\/www.fonnesbaek.com\/wp-content\/uploads\/2020\/01\/image-243-1.png?w=169\" alt=\"\" class=\"wp-image-540\"\/><figcaption>SNEJBJERG KIRKEG\u00c5RD<\/figcaption><\/figure><\/div>\n\n\n\n<figure class=\"wp-block-image size-large is-resized\"><img loading=\"lazy\" decoding=\"async\" src=\"http:\/\/www.fonnesbaek.com\/wp-content\/uploads\/2020\/01\/image-244-1.png?w=389\" alt=\"\" class=\"wp-image-541\" width=\"344\" height=\"258\" srcset=\"https:\/\/www.fonnesbaek.com\/wp-content\/uploads\/2020\/01\/image-244-1.png 389w, https:\/\/www.fonnesbaek.com\/wp-content\/uploads\/2020\/01\/image-244-1-300x225.png 300w\" sizes=\"auto, (max-width: 344px) 100vw, 344px\" \/><\/figure>\n\n\n\n<figure class=\"wp-block-table\"><table><tbody><tr><td>ID:<\/td><td>331<\/td><\/tr><tr><td>Afdeling:<\/td><td>Syd<\/td><td>Gang: Gang nr. 11<\/td><td>Lapidarium<\/td><\/tr><tr><td>Navn p\u00e5 afd\u00f8de:<\/td><td>Jens Fonnesb\u00e6k<\/td><td>&nbsp;<\/td><td>&nbsp;<\/td><\/tr><tr><td>F\u00f8dt den:<\/td><td>1911-12-26<\/td><td>F\u00f8dested:<\/td><td>&nbsp;<\/td><\/tr><tr><td>D\u00f8d den:<\/td><td>1990-10-07<\/td><td>D\u00f8dssted:<\/td><td>&nbsp;<\/td><\/tr><\/tbody><\/table><\/figure>\n\n\n\n<p>VII.3<br><strong>ELFRIDA FONNESB\u00c6K<\/strong><br>F. 30\/10 \u2013 1915<\/p>\n\n\n\n<p>G. ?<\/p>\n\n\n\n<p><strong>\u2020 ?<\/strong><br>FAR: LAUGE KRISTIAN FONNESB\u00c6K<br>MOR: MARIANNE FONNESB\u00c6K<br>BROR: JENS FONNRSB\u00c6K<br>S\u00d8STER: MARTHA JENSINE FONNESB\u00c6K<\/p>\n\n\n\n<p><em><strong>Folket\u00e6llinger fra Hammerum herred i Ringk\u00f8bing amt<\/strong><\/em><br>Snejbjerg Elfrida Fonnesb\u00e6k 1 ugift Liste 30 Tanderupk\u00e6r; 2; -; Barn; Landbrug 31916-<br>Elfrida Fonnesb\u00e6k F\u00f8dt kildedato: 30 okt. 1915 Adresse: Tanderupk\u00e6r<\/p>\n\n\n\n<p><em>VII.3<\/em><br><em><strong>Dansk Demografisk Database<\/strong><\/em><br>Udtr\u00e6k fra DDD Amt: Ringk\u00f8bing 1<br>Ringk\u00f8bing amt, Hammerum herred, Gjellerup, folket\u00e6llingen<br><em>1916<\/em><\/p>\n\n\n\n<p>Navn: Elfrida Fonnesb\u00e6k K\u00f8n: K Civilstand: Ugift<br>Erhverv: Landbrug<\/p>\n\n\n\n<p><br><em>Kilde:<\/em> FT-1916 <em>Amt:<\/em> Ringk\u00f8bing <em>Herred:<\/em> Hammerum <em>Sogn:<\/em> Snejbjerg <em>Stednavn:<\/em> Liste 30 <em>Husstands-\/familienr:<\/em> 2&nbsp;&nbsp;&nbsp; <em>Indtastningsnr:<\/em> C4993&nbsp;&nbsp;&nbsp;&nbsp; <em>L\u00f8benr:<\/em> 1629<br>&nbsp;<\/p>\n\n\n\n<figure class=\"wp-block-table\"><table><tbody><tr><td><strong>FT \u00e5r<\/strong> <strong>1916&nbsp;&nbsp;&nbsp;&nbsp; (FT:Folket\u00e6llings \u00e5r)<\/strong> <strong>Navn<\/strong> <strong>Elfrida Fonnesb\u00e6k<\/strong> <strong>K\u00f8n<\/strong> Kvinde <strong>Alder<\/strong> <strong>Amt<\/strong> Ringk\u00f8bing <strong>Herred<\/strong> Hammerum <strong>Sogn<\/strong> Snejbjerg <strong>Stednavn<\/strong> Liste 30<\/td><td>&nbsp;<\/td><td>Anenr. TF-sl\u00e6gt&nbsp;&nbsp; VII.3<\/td><td>&nbsp;<\/td><\/tr><\/tbody><\/table><\/figure>\n\n\n\n<figure class=\"wp-block-table\"><table><tbody><tr><td><strong>F\u00f8dselsdato<\/strong> <strong>1915<\/strong> <strong>F\u00f8dested<\/strong> &nbsp; <strong>Stilling i husstanden<\/strong> Barn <strong>Civilstand<\/strong> Ugift &nbsp; <strong>Familie nr.<\/strong> 2 <strong>Matr.nr.<\/strong> <strong>L\u00f8be nr.<\/strong> 1629 <strong>Kildehenvisning<\/strong> Kort 13662, side 108<\/td><td><strong>Nr. \u00e6gteskab<\/strong> <strong>Gift hvorn\u00e5r<\/strong> <strong>Antal levende b\u00f8rn<\/strong> <strong>Antal d\u00f8de b\u00f8rn<\/strong> &nbsp; <strong>Trossamfund<\/strong> <strong>Handicaps<\/strong> &nbsp; <strong>Adresse<\/strong> <strong>Matrikel<\/strong> <strong>Antal familier\/hus<\/strong><\/td><td><strong>Erhverv<\/strong> Landbrug <strong>Arbejdsplads<\/strong> <strong>Erhvervsomr\u00e5de<\/strong> <strong>Flyttet til kommunen<\/strong> <strong>Sidste oph.sted<\/strong> <strong>Midlertidigt Opholdssted<\/strong> &nbsp; <strong>Indkomst<\/strong> <strong>Formue<\/strong> <strong>Statsskat<\/strong> <strong>Kommuneskat<\/strong><\/td><\/tr><\/tbody><\/table><\/figure>\n\n\n\n<figure class=\"wp-block-table\"><table><tbody><tr><td><strong>Kommentar<\/strong><\/td><td><\/td><\/tr><tr><td><strong>Indtasters kommentar<\/strong><\/td><td><\/td><\/tr><\/tbody><\/table><\/figure>\n\n\n\n<p><strong>Husstanden<\/strong><\/p>\n\n\n\n<figure class=\"wp-block-table\"><table><thead><tr><td><\/td><td><strong>L\u00f8be nr.<\/strong><\/td><td><strong>Navn<\/strong><\/td><td><strong>K\u00f8n<\/strong><\/td><td><strong>Alder<\/strong><\/td><td><strong>F\u00f8dt \u00e5r<\/strong><\/td><td><strong>Civilstand<\/strong><\/td><td><strong>Information<\/strong><\/td><\/tr><\/thead><tbody><tr><td><a href=\"http:\/\/www.danishfamilysearch.dk\/pops\/details\/?t=2&amp;id=13383915&amp;e=0\"><\/a><\/td><td>1625<\/td><td><strong>Lauge Fonnesb\u00e6k<\/strong><\/td><td><strong>Mand<\/strong><\/td><td><\/td><td><strong>1878<\/strong><\/td><td><strong>Gift<\/strong><\/td><td><strong>Husfader Landbrug<\/strong><\/td><\/tr><tr><td><a href=\"http:\/\/www.danishfamilysearch.dk\/pops\/details\/?t=2&amp;id=13383916&amp;e=0\"><\/a><\/td><td>1626<\/td><td><strong>Mariane Fonnesb\u00e6k<\/strong><\/td><td><strong>Kvinde<\/strong><\/td><td><\/td><td><strong>1885<\/strong><\/td><td><strong>Gift<\/strong><\/td><td><strong>Husmoder Landbrug<\/strong><\/td><\/tr><tr><td><a href=\"http:\/\/www.danishfamilysearch.dk\/pops\/details\/?t=2&amp;id=13383917&amp;e=0\"><\/a><\/td><td>1627<\/td><td><strong>Martha Fonnesb\u00e6k<\/strong><\/td><td><strong>Kvinde<\/strong><\/td><td><\/td><td><strong>1908<\/strong><\/td><td><strong>Ugift<\/strong><\/td><td><strong>Barn Landbrug<\/strong><\/td><\/tr><tr><td><a href=\"http:\/\/www.danishfamilysearch.dk\/pops\/details\/?t=2&amp;id=13383918&amp;e=0\"><\/a><\/td><td>1628<\/td><td><strong>Jens Fonnesb\u00e6k<\/strong><\/td><td><strong>Mand<\/strong><\/td><td><\/td><td><strong>1911<\/strong><\/td><td><strong>Ugift<\/strong><\/td><td><strong>Barn Landbrug<\/strong><\/td><\/tr><tr><td><a href=\"http:\/\/www.danishfamilysearch.dk\/pops\/details\/?t=2&amp;id=13383919&amp;e=0\"><\/a><\/td><td>1629<\/td><td><strong>Elfrida Fonnesb\u00e6k<\/strong><\/td><td><strong>Kvinde<\/strong><\/td><td><\/td><td><strong>1915<\/strong><\/td><td><strong>Ugift<\/strong><\/td><td><strong>Barn Landbrug<\/strong><\/td><\/tr><tr><td><a href=\"http:\/\/www.danishfamilysearch.dk\/pops\/details\/?t=2&amp;id=13383920&amp;e=0\"><\/a><\/td><td>1630<\/td><td>Hilda Ottosen<\/td><td>Kvinde<\/td><td>&nbsp;<\/td><td>1900<\/td><td>Ugift<\/td><td>Tyende Landbrug<\/td><\/tr><tr><td><a href=\"http:\/\/www.danishfamilysearch.dk\/pops\/details\/?t=2&amp;id=13383921&amp;e=0\"><\/a><\/td><td>1631<\/td><td>Ejner Juel Andersen<\/td><td>Mand<\/td><td>&nbsp;<\/td><td>1899<\/td><td>Ugift<\/td><td>Tyende Landbrug<\/td><\/tr><\/tbody><\/table><\/figure>\n\n\n\n<figure class=\"wp-block-image size-large is-resized\"><img loading=\"lazy\" decoding=\"async\" src=\"http:\/\/www.fonnesbaek.com\/wp-content\/uploads\/2020\/01\/image-245-1.png?w=643\" alt=\"\" class=\"wp-image-542\" width=\"610\" height=\"457\" srcset=\"https:\/\/www.fonnesbaek.com\/wp-content\/uploads\/2020\/01\/image-245-1.png 643w, https:\/\/www.fonnesbaek.com\/wp-content\/uploads\/2020\/01\/image-245-1-300x225.png 300w\" sizes=\"auto, (max-width: 610px) 100vw, 610px\" \/><figcaption>SNEJBJERG KIRKEG\u00c5RD<br>PR. 14\/7-2018<\/figcaption><\/figure>\n\n\n\n<figure class=\"wp-block-image size-large is-resized\"><img loading=\"lazy\" decoding=\"async\" src=\"http:\/\/www.fonnesbaek.com\/wp-content\/uploads\/2020\/01\/image-246-1.png?w=464\" alt=\"\" class=\"wp-image-543\" width=\"345\" height=\"259\" srcset=\"https:\/\/www.fonnesbaek.com\/wp-content\/uploads\/2020\/01\/image-246-1.png 464w, https:\/\/www.fonnesbaek.com\/wp-content\/uploads\/2020\/01\/image-246-1-300x225.png 300w\" sizes=\"auto, (max-width: 345px) 100vw, 345px\" \/><figcaption>F. 26\/8 \u2013 1924 <strong>&nbsp;\u2020 11\/3 \u2013 1978<\/strong><br><strong>Begravet: Snejbjerg kirkeg\u00e5rd i Lauge familiegraven<\/strong><\/figcaption><\/figure>\n\n\n\n<figure class=\"wp-block-table\"><table><tbody><tr><td>ID:<\/td><td>377<\/td><\/tr><tr><td>Afdeling:<\/td><td>Syd<\/td><td>Gang:<\/td><td>Gang nr. 11<\/td><\/tr><tr><td>Navn p\u00e5 afd\u00f8de:<\/td><td>Thomas G. Fonnesb\u00e6k<\/td><td><\/td><td><\/td><\/tr><tr><td>F\u00f8dt den:<\/td><td>1924-08-26<\/td><td>F\u00f8dested:<\/td><td>&nbsp;<\/td><\/tr><tr><td>D\u00f8d den:<\/td><td>1978-03-11<\/td><td>D\u00f8dssted:<\/td><td>&nbsp;<\/td><\/tr><\/tbody><\/table><\/figure>\n\n\n\n<figure class=\"wp-block-image size-large is-resized\"><img loading=\"lazy\" decoding=\"async\" src=\"http:\/\/www.fonnesbaek.com\/wp-content\/uploads\/2020\/01\/image-247-1.png?w=420\" alt=\"\" class=\"wp-image-544\" width=\"309\" height=\"412\" srcset=\"https:\/\/www.fonnesbaek.com\/wp-content\/uploads\/2020\/01\/image-247-1.png 420w, https:\/\/www.fonnesbaek.com\/wp-content\/uploads\/2020\/01\/image-247-1-225x300.png 225w\" sizes=\"auto, (max-width: 309px) 100vw, 309px\" \/><\/figure>\n\n\n\n<p>HVOR H\u00d8RE DE TIL??<\/p>\n\n\n\n<p>THOMAS G. FONNESB\u00c6K<\/p>\n\n\n\n<p>F.&nbsp; 26\/8 &#8211; 1924 &nbsp; &nbsp; &nbsp; <strong>\u2020&nbsp; 11\/3 \u2013 1978<\/strong><strong><\/strong><\/p>\n\n\n\n<p><strong>Snejbjerg kirkeg\u00e5rd<\/strong><\/p>\n\n\n\n<p><strong>ELLEN KATRINE JENSEN f. PEDERSEN<\/strong><\/p>\n\n\n\n<p>F. 28\/2 \u2013 1849 I STAUNING <strong>\u2020\u00a0 28\/6 &#8211; 1916 I HERNING Snejbjerg kirkeg\u00e5rd<\/strong><\/p>\n\n\n\n<figure class=\"wp-block-table\"><table><tbody><tr><td>ID:<\/td><td>376<\/td><\/tr><tr><td>Afdeling:<\/td><td>Syd<\/td><td>Gang:<\/td><td>Gang nr. 11<\/td><\/tr><tr><td>Navn p\u00e5 afd\u00f8de:<\/td><td>Ellen Katrine Jensen f. Pedersen<\/td><td><\/td><td><\/td><\/tr><tr><td>F\u00f8dt den:<\/td><td>1849-02-28<\/td><td>F\u00f8dested:<\/td><td>Stauning<\/td><\/tr><tr><td>D\u00f8d den:<\/td><td>1916-08-26<\/td><td>D\u00f8dssted:<\/td><td>Herning<\/td><\/tr><\/tbody><\/table><\/figure>\n\n\n\n<p>SLUT<\/p>\n\n\n\n<p><\/p>\n","protected":false},"excerpt":{"rendered":"<p>VII LAUGE KRISTIAN FONNESB\u00c6K 73 \u00c5R F. 10\/4 \u2013 1878 I TANDERUPK\u00c6R G. 15\/11 &#8211; 1906 M. ELSE MARIE MARIANNE \u2020 10\/8 \u2013 1952 I HERNING B. SNEJBJERG KIRKEG\u00c5RD (ID. 342\/AFD. SYD\/GANG 11) FAMILIEGRAV BEVARET PR. 14\/7-2018. FAR: JENS PEDERSEN UHRE (FONNESB\u00c6K) MOR: JENSINE JENSEN BR\u00d8DRE: JENS FONVAD FONNESB\u00c6 &nbsp; CHRISTEN PEDER FONNESB\u00c6K S\u00d8STRE: MARIANE [&hellip;]<\/p>\n","protected":false},"author":1,"featured_media":0,"parent":0,"menu_order":0,"comment_status":"closed","ping_status":"closed","template":"","meta":{"footnotes":""},"class_list":["post-128","page","type-page","status-publish","hentry"],"_links":{"self":[{"href":"https:\/\/www.fonnesbaek.com\/index.php\/wp-json\/wp\/v2\/pages\/128","targetHints":{"allow":["GET"]}}],"collection":[{"href":"https:\/\/www.fonnesbaek.com\/index.php\/wp-json\/wp\/v2\/pages"}],"about":[{"href":"https:\/\/www.fonnesbaek.com\/index.php\/wp-json\/wp\/v2\/types\/page"}],"author":[{"embeddable":true,"href":"https:\/\/www.fonnesbaek.com\/index.php\/wp-json\/wp\/v2\/users\/1"}],"replies":[{"embeddable":true,"href":"https:\/\/www.fonnesbaek.com\/index.php\/wp-json\/wp\/v2\/comments?post=128"}],"version-history":[{"count":4,"href":"https:\/\/www.fonnesbaek.com\/index.php\/wp-json\/wp\/v2\/pages\/128\/revisions"}],"predecessor-version":[{"id":604,"href":"https:\/\/www.fonnesbaek.com\/index.php\/wp-json\/wp\/v2\/pages\/128\/revisions\/604"}],"wp:attachment":[{"href":"https:\/\/www.fonnesbaek.com\/index.php\/wp-json\/wp\/v2\/media?parent=128"}],"curies":[{"name":"wp","href":"https:\/\/api.w.org\/{rel}","templated":true}]}}