{"id":131,"date":"2020-01-03T23:27:23","date_gmt":"2020-01-03T23:27:23","guid":{"rendered":"https:\/\/fonnesbaek.wordpress.com\/?page_id=131"},"modified":"2020-01-03T23:27:23","modified_gmt":"2020-01-03T23:27:23","slug":"viii-else-jensen","status":"publish","type":"page","link":"https:\/\/www.fonnesbaek.com\/index.php\/viii-else-jensen\/","title":{"rendered":"VIII.    ELSE JENSEN"},"content":{"rendered":"\n<p>VIII.&nbsp;&nbsp;&nbsp; <\/p>\n\n\n\n<p><strong>ELSE JENSEN<\/strong><\/p>\n\n\n\n<p>F. 7\/2 &#8211; 1860 I BIRKEMOSEHUS I VORGOD<\/p>\n\n\n\n<p>G. 3\/5 &#8211; 1881 I SNEJBJERG KIRKE&nbsp;M. KRISTEN JENSEN<\/p>\n\n\n\n<p><strong>\u2020 <\/strong>?<\/p>\n\n\n\n<p>B. ?<\/p>\n\n\n\n<p>FAR:JENS PEDERSEN&nbsp;UHRE<\/p>\n\n\n\n<p>MOR:JENSINE JENSEN&nbsp;<\/p>\n\n\n\n<figure class=\"wp-block-table\"><table><tbody><tr><td>BR\u00d8DRE:<\/td><td>JENS FONVAD FONNESB\u00c6K&nbsp;&nbsp;<\/td><\/tr><tr><td>&nbsp;<\/td><td>CHRISTEN PEDER FONNESB\u00c6K<\/td><\/tr><tr><td>&nbsp;<\/td><td>LAUGE KRISTIAN FONNESB\u00c6K<\/td><\/tr><tr><td>S\u00d8STRE:<\/td><td>MARIANE JENSEN (FONNESB\u00c6K)<\/td><\/tr><tr><td><\/td><td>METTE MARIE JENSEN (FONNESB\u00c6K)<\/td><\/tr><tr><td>&nbsp;<\/td><td>MAREN JENSEN (FONNESB\u00c6K)<\/td><\/tr><tr><td>&nbsp;<\/td><td>KAROLINE MARIE JENSEN (FONNESB\u00c6K)<\/td><\/tr><\/tbody><\/table><\/figure>\n\n\n\n<p><strong>KRISTEN JENSEN<\/strong>&nbsp;<\/p>\n\n\n\n<p>F. 24\/8 &#8211; 1854 I QVARTORG, TJR\u00d8RRING&nbsp;<\/p>\n\n\n\n<p><strong>\u2020<\/strong> ?<\/p>\n\n\n\n<p>FAR: JENS CHRISTENSEN<\/p>\n\n\n\n<p>MOR: ANE CHRISTENSDATTER&nbsp;<\/p>\n\n\n\n<figure class=\"wp-block-table\"><table><tbody><tr><td>7 B\u00d8RN:<\/td><td>&nbsp;&nbsp;<\/td><\/tr><tr><td>VIII.1<\/td><td>JENS PEDER FONNESB\u00c6K JENSEN&nbsp;<\/td><\/tr><tr><td>VIII.2<\/td><td>ANE KIRSTINE JENSEN&nbsp;<\/td><\/tr><tr><td>VIII.3<\/td><td>JENSINE KAROLINE JENSEN&nbsp;<\/td><\/tr><tr><td>VIII.4<\/td><td>RUDOLF FRIMODT JENSEN&nbsp;<\/td><\/tr><tr><td>VIII.5<\/td><td>MAREN KIRSTINE JENSEN&nbsp;<\/td><\/tr><tr><td>VIII.6<\/td><td>MAREN KIRSTINE&nbsp; HANSEN (JENSEN)&nbsp;<\/td><\/tr><tr><td>VIII.7<\/td><td>JENS KRISTEN JENSEN&nbsp;<\/td><\/tr><\/tbody><\/table><\/figure>\n\n\n\n<p><strong>F.T. for Ringk\u00f8bing, Hammerum<\/strong><strong><\/strong><strong>Fkt-1870<\/strong>; Snejbjerg &#8211; Tanderup; 13; Tanderup Mark<br>52; Jens Pedersen; -; 35; gift; Ikast sogn [Ringk. amt]; Lutheran; Huusfader \/ Jordbruger<br>53; Jensine Jensen; -; 32; gift; Gjellerup sogn [Ringk. amt]; Lutheran; Huusmoder<br>54; Ane Kjerstine Jensen; -; 12; ugift; Gjellerup sogn [Ringk. amt]; Lutheran; Datter<br>55; <strong>Else Jensen; -; 9; ugift; Vorgod sogn [Ringk amt]; Lutheran; Datter<\/strong><br>56; Jens Fonvad Jensen; -; 7; ugift; Sneiberg sogn [Ringk. amt]; Lutheran; S\u00f8n<br>57; Marianne Jensen; -; 4; ugift; Sneiberg sogn [Ringk. amt]; Lutheran; Datter<br>58; Mette Marie Jensen; -; 1; ugift; Sneiberg sogn [Ringk. amt]; Lutheran; Datter<\/p>\n\n\n\n<p>VIII.1&nbsp;&nbsp;&nbsp;<\/p>\n\n\n\n<p><strong>JENS PEDER FONNESB\u00c6K JENSEN<\/strong><\/p>\n\n\n\n<p>F. 14\/12 \u2013 1883<\/p>\n\n\n\n<p>G. ?<\/p>\n\n\n\n<p><strong>\u2020 <\/strong>?<\/p>\n\n\n\n<figure class=\"wp-block-table\"><table><tbody><tr><td>FAR: KRISTEN JENSEN<\/td><\/tr><tr><td>MOR: ELSE JENSEN<\/td><\/tr><tr><td>BR\u00d8DRE:<\/td><td>RUDOLF FRIMODT JENSEN<\/td><\/tr><tr><td>&nbsp;<\/td><td>JENS KRISTEN JENSEN<\/td><\/tr><tr><td>S\u00d8STRE:<\/td><td>ANE KIRSTINE JENSEN<\/td><\/tr><tr><td>&nbsp;<\/td><td>JENSINE KAROLINE JENSEN<\/td><\/tr><tr><td>&nbsp;<\/td><td>MAREN KIRSTINE JENSEN<\/td><\/tr><tr><td>&nbsp;<\/td><td>MAREN KIRSTINE HANSEN (JENSEN)<\/td><\/tr><\/tbody><\/table><\/figure>\n\n\n\n<p>VIII.2&nbsp;&nbsp;&nbsp;<\/p>\n\n\n\n<p><strong>ANE KIRSTINE JENSEN<\/strong><\/p>\n\n\n\n<figure class=\"wp-block-table\"><table class=\"has-subtle-light-gray-background-color has-background\"><tbody><tr><td class=\"has-text-align-left\" data-align=\"left\">F. 16\/3 \u2013 1886 <br>G. ? <br><strong>\u2020 <\/strong>?<\/td><\/tr><tr><td class=\"has-text-align-left\" data-align=\"left\">FAR: KRISTEN JENSEN<br>MOR: ELSE JENSEN     <br>BR\u00d8DRE:   JENS   PEDER FONNESB\u00c6K\u00a0JENSEN     <br>                    RUDOLF   FRIMODT JENSEN     <br>        \u00a0           JENS   KRISTEN JENSEN     <br>S\u00d8STRE:   JENSINE   KAROLINE JENSEN     <br>        \u00a0          MAREN   KIRSTINE JENSEN     <br>        \u00a0          MAREN   KIRSTINE HANSEN (JENSEN)         <br>BR\u00d8DRE:   JENS   PEDER FONNESB\u00c6K\u00a0JENSEN     <br>        \u00a0           RUDOLF   FRIMODT JENSEN     <br>        \u00a0           JENS   KRISTEN JENSEN     <br>S\u00d8STRE:   JENSINE   KAROLINE JENSEN     <br>        \u00a0          MAREN   KIRSTINE JENSEN     <br>        \u00a0          MAREN   KIRSTINE HANSEN (JENSEN)      <\/td><\/tr><\/tbody><\/table><\/figure>\n\n\n\n<p>VIII.3&nbsp;&nbsp;&nbsp;<\/p>\n\n\n\n<p><strong>JENSINE KAROLINE JENSEN<\/strong><\/p>\n\n\n\n<figure class=\"wp-block-table\"><table><tbody><tr><td>F. 2\/8 \u2013 1888 <br>G. ? <br><strong>\u2020 <\/strong>?<\/td><\/tr><tr><td>FAR: KRISTEN JENSEN <br>MOR: ELSE JENSEN<\/td><\/tr><tr><td>BR\u00d8DRE: JENS PEDER FONNESB\u00c6K&nbsp;JENSEN &nbsp; <br>RUDOLF FRIMODT JENSEN &nbsp; <br>JENS KRISTEN JENSEN <br>S\u00d8STRE: ANE KIRSSTINE&nbsp;JENSEN &nbsp; <br>MAREN KIRSTINE JENSEN &nbsp; <br>MAREN KIRSTINE HANSEN (JENSEN)<\/td><\/tr><\/tbody><\/table><\/figure>\n\n\n\n<p>VIII.4&nbsp;&nbsp;&nbsp;<\/p>\n\n\n\n<p><strong>RUDOLF FRIMODT JENSE<\/strong>N&nbsp;&nbsp;&nbsp;&nbsp;&nbsp;&nbsp;&nbsp;&nbsp;&nbsp;&nbsp;&nbsp;&nbsp;&nbsp;&nbsp; 60 \u00c5R<\/p>\n\n\n\n<figure class=\"wp-block-table\"><table><tbody><tr><td>F. 2\/4 &#8211; 1891 ALB\u00c6K MARI, SNEJBJERG<\/td><\/tr><tr><td>G. 8\/11 &#8211; 1917 I \u00d8RRE, RINKOBING&nbsp;M. KATHRINE HANSEN<\/td><\/tr><tr><td><strong>\u2020 <\/strong>12\/2 \u2013 1951 I BUR<\/td><\/tr><tr><td>FAR: KRISTEN JENSEN <br>MOR: ELSE JENSEN<\/td><\/tr><tr><td>BR\u00d8DRE: JENS PEDER FONNESB\u00c6K&nbsp;JENSEN &nbsp; <br>JENS KRISTEN JENSEN <br>S\u00d8STRE: JENSINE KAROLINE&nbsp;JENSEN &nbsp; <br>ANE KIRSSTINE&nbsp;JENSEN &nbsp; <br>MAREN KIRSTINE JENSEN &nbsp; <br>MAREN KIRSTINE HANSEN (JENSEN)<\/td><\/tr><\/tbody><\/table><\/figure>\n\n\n\n<p><strong>KATHRINE HANSEN<\/strong><\/p>\n\n\n\n<p>F. XX<\/p>\n\n\n\n<p>&nbsp;<strong>\u2020 <\/strong>?<\/p>\n\n\n\n<p>FAR: ?<\/p>\n\n\n\n<p>MOR: ?<\/p>\n\n\n\n<p>VIII.5&nbsp;&nbsp;&nbsp;<\/p>\n\n\n\n<p><strong>MAREN KIRSTINE JENSEN<\/strong>&nbsp; &nbsp;&nbsp;&nbsp;&nbsp;&nbsp;CA 1 \u00c5R<\/p>\n\n\n\n<figure class=\"wp-block-table\"><table><tbody><tr><td>F. 11\/11 \u2013 1893<\/td><\/tr><tr><td><strong>\u2020 <\/strong>F\u00d8R MAREN KIRSTINE HANSEN (JENSEN) BLEV F\u00d8DT CA. 1894<\/td><\/tr><tr><td>FAR: KRISTEN JENSEN <br>MOR: ELSE JENSEN<\/td><\/tr><tr><td>BR\u00d8DRE: JENS PEDER FONNESB\u00c6K&nbsp;JENSEN &nbsp; <br>RUDOLF FRIMODT JENSEN &nbsp; <br>JENS KRISTEN JENSEN <br>S\u00d8STRE: JENSINE KAROLINE&nbsp;JENSEN &nbsp; <br>ANE KIRSSTINE&nbsp;JENSEN &nbsp; <br>MAREN KIRSTINE JENSEN &nbsp; <br>MAREN KIRSTINE HANSEN (JENSEN)<\/td><\/tr><\/tbody><\/table><\/figure>\n\n\n\n<p>VIII.6&nbsp;&nbsp;&nbsp;<\/p>\n\n\n\n<p><strong>MAREN KIRSTINE HANSEN (JENSEN)<\/strong>&nbsp;&nbsp; 89 \u00c5R<\/p>\n\n\n\n<figure class=\"wp-block-table\"><table><tbody><tr><td>F. 5\/1 &#8211; 1895 I ALB\u00c6K MARK, SNEJBJERG G. ?<\/td><\/tr><tr><td><strong>\u2020<\/strong> 22\/12 &#8211; 1984 I TROLDHEDE<\/td><\/tr><tr><td>B: I TROLDHEDE<\/td><\/tr><tr><td>FAR: KRISTEN JENSEN <br>MOR: ELSE JENSEN<\/td><\/tr><\/tbody><\/table><\/figure>\n\n\n\n<figure class=\"wp-block-table\"><table><tbody><tr><td>BR\u00d8DRE:<\/td><td>JENS PEDER FONNESB\u00c6K&nbsp;JENSEN<\/td><\/tr><tr><td>&nbsp;<\/td><td>RUDOLF FRIMODT JENSEN<\/td><\/tr><tr><td>&nbsp;<\/td><td>JENS KRISTEN JENSEN<\/td><\/tr><tr><td>S\u00d8STRE:<\/td><td>JENSINE KAROLINE&nbsp;JENSEN<\/td><\/tr><tr><td>&nbsp;<\/td><td>ANE KIRSSTINE&nbsp;JENSEN<\/td><\/tr><tr><td>&nbsp;<\/td><td>MAREN KIRSTINE JENSEN<\/td><\/tr><\/tbody><\/table><\/figure>\n\n\n\n<figure class=\"wp-block-table\"><table><tbody><tr><td>VIII.7&nbsp;&nbsp;&nbsp; <br><strong>JENS KRISTEN JENSEN<\/strong><\/td><\/tr><tr><td>F. 18\/8 &#8211; 1881 I ALB\u00c6K MARK, SNEJBJERG<\/td><\/tr><tr><td>G. ? <strong>\u2020 <\/strong>?<\/td><\/tr><tr><td>FAR: KRISTEN JENSEN <br>MOR: ELSE JENSEN<\/td><\/tr><tr><td>BR\u00d8DRE: RUDOLF FRIMODT JENSEN &nbsp; <br>JENS PEDER FONNESB\u00c6K&nbsp;JENSEN <br>S\u00d8STRE: JENSINE KAROLINE&nbsp;JENSEN &nbsp; <br>ANE KIRSSTINE&nbsp;JENSEN &nbsp; <br>MAREN KIRSTINE JENSEN &nbsp; &nbsp;<\/td><\/tr><\/tbody><\/table><\/figure>\n\n\n\n<p>SLUT<\/p>\n","protected":false},"excerpt":{"rendered":"<p>VIII.&nbsp;&nbsp;&nbsp; ELSE JENSEN F. 7\/2 &#8211; 1860 I BIRKEMOSEHUS I VORGOD G. 3\/5 &#8211; 1881 I SNEJBJERG KIRKE&nbsp;M. KRISTEN JENSEN \u2020 ? B. ? FAR:JENS PEDERSEN&nbsp;UHRE MOR:JENSINE JENSEN&nbsp; BR\u00d8DRE: JENS FONVAD FONNESB\u00c6K&nbsp;&nbsp; &nbsp; CHRISTEN PEDER FONNESB\u00c6K &nbsp; LAUGE KRISTIAN FONNESB\u00c6K S\u00d8STRE: MARIANE JENSEN (FONNESB\u00c6K) METTE MARIE JENSEN (FONNESB\u00c6K) &nbsp; MAREN JENSEN (FONNESB\u00c6K) &nbsp; KAROLINE MARIE [&hellip;]<\/p>\n","protected":false},"author":1,"featured_media":0,"parent":0,"menu_order":0,"comment_status":"closed","ping_status":"closed","template":"","meta":{"footnotes":""},"class_list":["post-131","page","type-page","status-publish","hentry"],"_links":{"self":[{"href":"https:\/\/www.fonnesbaek.com\/index.php\/wp-json\/wp\/v2\/pages\/131","targetHints":{"allow":["GET"]}}],"collection":[{"href":"https:\/\/www.fonnesbaek.com\/index.php\/wp-json\/wp\/v2\/pages"}],"about":[{"href":"https:\/\/www.fonnesbaek.com\/index.php\/wp-json\/wp\/v2\/types\/page"}],"author":[{"embeddable":true,"href":"https:\/\/www.fonnesbaek.com\/index.php\/wp-json\/wp\/v2\/users\/1"}],"replies":[{"embeddable":true,"href":"https:\/\/www.fonnesbaek.com\/index.php\/wp-json\/wp\/v2\/comments?post=131"}],"version-history":[{"count":0,"href":"https:\/\/www.fonnesbaek.com\/index.php\/wp-json\/wp\/v2\/pages\/131\/revisions"}],"wp:attachment":[{"href":"https:\/\/www.fonnesbaek.com\/index.php\/wp-json\/wp\/v2\/media?parent=131"}],"curies":[{"name":"wp","href":"https:\/\/api.w.org\/{rel}","templated":true}]}}