{"id":134,"date":"2020-01-03T23:30:21","date_gmt":"2020-01-03T23:30:21","guid":{"rendered":"https:\/\/fonnesbaek.wordpress.com\/?page_id=134"},"modified":"2020-01-03T23:30:21","modified_gmt":"2020-01-03T23:30:21","slug":"iv-christen-peder-fonnesbaek-f-jensen","status":"publish","type":"page","link":"https:\/\/www.fonnesbaek.com\/index.php\/iv-christen-peder-fonnesbaek-f-jensen\/","title":{"rendered":"IV    CHRISTEN PEDER FONNESB\u00c6K f. JENSEN"},"content":{"rendered":"\n<p>IV<\/p>\n\n\n\n<p><strong>CHRISTEN PEDER FONNESB\u00c6K f. JENSEN\u00a0<\/strong>\u00a0\u00a0\u00a0\u00a0\u00a0\u00a0\u00a0\u00a0\u00a0\u00a0\u00a0\u00a0\u00a0\u00a0\u00a0\u00a0\u00a0\u00a0 79 \u00c5R<\/p>\n\n\n\n<figure class=\"wp-block-image size-large\"><img loading=\"lazy\" decoding=\"async\" width=\"345\" height=\"213\" src=\"http:\/\/www.fonnesbaek.com\/wp-content\/uploads\/2020\/01\/image-52-1.png?w=345\" alt=\"\" class=\"wp-image-135\" srcset=\"https:\/\/www.fonnesbaek.com\/wp-content\/uploads\/2020\/01\/image-52-1.png 345w, https:\/\/www.fonnesbaek.com\/wp-content\/uploads\/2020\/01\/image-52-1-300x185.png 300w\" sizes=\"auto, (max-width: 345px) 100vw, 345px\" \/><\/figure>\n\n\n\n<p>F. 1\/11 \u2013 1870 I TANDERUPK\u00c6R, SNEJBJERG SOGN<br>NAVNE\u00c6NDRING: 1\/11 \u2013 1905 FRA CHRISTEN PEDER JENSEN<br>G. 15\/11 \u2013 1892 I SNEJBJERG M. MAREN NIELSEN (MUNKGAARD)<br><strong>\u2020<\/strong> 20\/10 \u2013 1949 I STUDSG\u00c5RD, SNEJBJERG SOGN<br>B. STUDSG\u00c5RD KIRKEG\u00c5RD (ID. 6\/ AFD. SYD 1\/ GANG LAPIDARIUM)<br>FAR: JENS PEDERSEN UHRE (FONNESB\u00c6K)<br>MOR: JENSINE JENSEN<br>BR\u00d8DRE: JENS FONVAD FONNESB\u00c6K<br>&nbsp;&nbsp;&nbsp;&nbsp;&nbsp;&nbsp;&nbsp;&nbsp;&nbsp;&nbsp;&nbsp;&nbsp;&nbsp;     LAUGE KRISTIAN FONNESB\u00c6K<br>S\u00d8STRE: MARIANE JENSEN FONNESB\u00c6K<br>&nbsp;&nbsp;&nbsp;&nbsp;&nbsp;&nbsp;&nbsp;&nbsp;&nbsp;&nbsp;&nbsp;&nbsp;&nbsp;    METTE MARIE JENSEN FONNESB\u00c6K<br>&nbsp;&nbsp;&nbsp;&nbsp;&nbsp;&nbsp;&nbsp;&nbsp;   &nbsp;&nbsp;&nbsp;&nbsp;&nbsp; MAREN JENSEN FONNESB\u00c6K<br>&nbsp;&nbsp;&nbsp;&nbsp;&nbsp;&nbsp;&nbsp;&nbsp;&nbsp;&nbsp;&nbsp;   &nbsp;&nbsp; KAROLINE MARIE JENSEN FONNESB\u00c6K&nbsp;&nbsp;&nbsp;<\/p>\n\n\n\n<p>&nbsp;&nbsp;&nbsp;&nbsp;            ELSE JENSEN<br>&nbsp;&nbsp;&nbsp;&nbsp;&nbsp;&nbsp;&nbsp;&nbsp;&nbsp;&nbsp;&nbsp;&nbsp;&nbsp; G\u00c5RDEJER I STUDSG\u00c5RD<\/p>\n\n\n\n<figure class=\"wp-block-image size-large\"><img loading=\"lazy\" decoding=\"async\" width=\"378\" height=\"195\" src=\"http:\/\/www.fonnesbaek.com\/wp-content\/uploads\/2020\/01\/image-110-1.png?w=378\" alt=\"\" class=\"wp-image-275\" srcset=\"https:\/\/www.fonnesbaek.com\/wp-content\/uploads\/2020\/01\/image-110-1.png 378w, https:\/\/www.fonnesbaek.com\/wp-content\/uploads\/2020\/01\/image-110-1-300x155.png 300w\" sizes=\"auto, (max-width: 378px) 100vw, 378px\" \/><\/figure>\n\n\n\n<p><strong>MAREN FONNESB\u00c6K f. NIELEN (MUNKGAARD)<\/strong>\u00a0\u00a0\u00a0\u00a0\u00a0\u00a0\u00a0\u00a0\u00a0\u00a0 72 \u00c5R<\/p>\n\n\n\n<p>F. 13\/7 \u2013 1867 I VILDBJERG SOGN<br><strong>\u2020<\/strong> 20\/1 \u2013 1929 I STUDSG\u00c5RD<br>B. STUDSG\u00c5RD KIRKEG\u00c5RD (ID. 7\/ AFD. SYD 1\/ GANG LAPIDARIUM)<br>FAR: HUSMAND NIELS MUNKGAARD THOMSEN<br>MOR: HUSTRU DORTHEA KIRSTINE JENSEN<br>BOSAT: STUDSG\u00c5RD PR. HERNING<\/p>\n\n\n\n<p><br>8 B\u00d8RN:<br>IV.A JENSINE KIRSTINE ANDERSEN f. FONNESB\u00c6K<br>IV.B JENS FONNESB\u00c6K<br>IV.C NIELS JUUL MUNKGAARD FONNESB\u00c6K<br>IV.D DORTHEA FONNESB\u00c6K<br>IV.E BIRTHE MARIE FONNESB\u00c6K<br>IV.F MARTIN FONNESB\u00c6K f. JENSEN<br>IV.G KARL MARIUS FONNESB\u00c6K<br>IV.H THOMAS OTTO FONNESB\u00c6K<\/p>\n\n\n\n<figure class=\"wp-block-image size-large\"><img loading=\"lazy\" decoding=\"async\" width=\"352\" height=\"262\" src=\"http:\/\/www.fonnesbaek.com\/wp-content\/uploads\/2020\/01\/image-111-1.png?w=352\" alt=\"\" class=\"wp-image-276\" srcset=\"https:\/\/www.fonnesbaek.com\/wp-content\/uploads\/2020\/01\/image-111-1.png 352w, https:\/\/www.fonnesbaek.com\/wp-content\/uploads\/2020\/01\/image-111-1-300x223.png 300w\" sizes=\"auto, (max-width: 352px) 100vw, 352px\" \/><figcaption>  STUDSG\u00c5RD KIRKEG\u00c5RD <\/figcaption><\/figure>\n\n\n\n<p>SLUT<\/p>\n\n\n\n<p><\/p>\n","protected":false},"excerpt":{"rendered":"<p>IV CHRISTEN PEDER FONNESB\u00c6K f. JENSEN\u00a0\u00a0\u00a0\u00a0\u00a0\u00a0\u00a0\u00a0\u00a0\u00a0\u00a0\u00a0\u00a0\u00a0\u00a0\u00a0\u00a0\u00a0\u00a0 79 \u00c5R F. 1\/11 \u2013 1870 I TANDERUPK\u00c6R, SNEJBJERG SOGNNAVNE\u00c6NDRING: 1\/11 \u2013 1905 FRA CHRISTEN PEDER JENSENG. 15\/11 \u2013 1892 I SNEJBJERG M. MAREN NIELSEN (MUNKGAARD)\u2020 20\/10 \u2013 1949 I STUDSG\u00c5RD, SNEJBJERG SOGNB. STUDSG\u00c5RD KIRKEG\u00c5RD (ID. 6\/ AFD. SYD 1\/ GANG LAPIDARIUM)FAR: JENS PEDERSEN UHRE (FONNESB\u00c6K)MOR: JENSINE JENSENBR\u00d8DRE: JENS [&hellip;]<\/p>\n","protected":false},"author":1,"featured_media":0,"parent":0,"menu_order":0,"comment_status":"closed","ping_status":"closed","template":"","meta":{"footnotes":""},"class_list":["post-134","page","type-page","status-publish","hentry"],"_links":{"self":[{"href":"https:\/\/www.fonnesbaek.com\/index.php\/wp-json\/wp\/v2\/pages\/134","targetHints":{"allow":["GET"]}}],"collection":[{"href":"https:\/\/www.fonnesbaek.com\/index.php\/wp-json\/wp\/v2\/pages"}],"about":[{"href":"https:\/\/www.fonnesbaek.com\/index.php\/wp-json\/wp\/v2\/types\/page"}],"author":[{"embeddable":true,"href":"https:\/\/www.fonnesbaek.com\/index.php\/wp-json\/wp\/v2\/users\/1"}],"replies":[{"embeddable":true,"href":"https:\/\/www.fonnesbaek.com\/index.php\/wp-json\/wp\/v2\/comments?post=134"}],"version-history":[{"count":0,"href":"https:\/\/www.fonnesbaek.com\/index.php\/wp-json\/wp\/v2\/pages\/134\/revisions"}],"wp:attachment":[{"href":"https:\/\/www.fonnesbaek.com\/index.php\/wp-json\/wp\/v2\/media?parent=134"}],"curies":[{"name":"wp","href":"https:\/\/api.w.org\/{rel}","templated":true}]}}