{"id":162,"date":"2020-01-04T00:30:47","date_gmt":"2020-01-04T00:30:47","guid":{"rendered":"https:\/\/fonnesbaek.wordpress.com\/?page_id=162"},"modified":"2020-01-04T00:30:47","modified_gmt":"2020-01-04T00:30:47","slug":"iv-g-karl-marius-fonnesbaek","status":"publish","type":"page","link":"https:\/\/www.fonnesbaek.com\/index.php\/iv-g-karl-marius-fonnesbaek\/","title":{"rendered":"IV.G     KARL MARIUS FONNESB\u00c6K"},"content":{"rendered":"\n<p>IV.G<\/p>\n\n\n\n<p><strong>KARL MARIUS FONNESB\u00c6K&nbsp;<\/strong>&nbsp;&nbsp;&nbsp;&nbsp;&nbsp;&nbsp;&nbsp;&nbsp;&nbsp;&nbsp;&nbsp;&nbsp;&nbsp;&nbsp;&nbsp;&nbsp;&nbsp; 86 \u00c5R<\/p>\n\n\n\n<p>F. 1.\/4 \u2013 1907 I STUDSG\u00c5RD, SNEJBJERG SOGN<\/p>\n\n\n\n<p><strong>\u2020<\/strong> 25\/7 \u2013 1993<\/p>\n\n\n\n<p>B. SNEJBJERG KIRKEG\u00c5RD (ID. 758\/AFD. NORD 1\/GANG 12)<\/p>\n\n\n\n<p>G. 28\/9 \u2013 1929 I STUDST\u00c5RD M. ROSA AMALIE NIELSEN<\/p>\n\n\n\n<p>FAR:  CHRISTEN PEDER FONNESB\u00c6K<br>MOR: MAREN NIELSEN<br>BR\u00d8DRE: THOMAS OTTO FONNESB\u00c6K<br>&nbsp;&nbsp;&nbsp;&nbsp;&nbsp;&nbsp;&nbsp;&nbsp;&nbsp;&nbsp;&nbsp;&nbsp;   &nbsp; &nbsp;JENS FONNESB\u00c6K<br>&nbsp;&nbsp;&nbsp;&nbsp; &nbsp; &nbsp;&nbsp;&nbsp;&nbsp;&nbsp;   &nbsp;&nbsp; NIELS JUUL MUNKGAARD FONNESB\u00c6K<br>&nbsp;&nbsp;&nbsp;&nbsp;&nbsp;&nbsp;&nbsp;&nbsp;&nbsp;&nbsp;&nbsp;&nbsp;&nbsp;&nbsp;    MARTIN FONNESB\u00c6K<br>S\u00d8STRE: &nbsp;JENSINE KIRSTINE FONNESB\u00c6K<br>&nbsp;&nbsp;&nbsp;&nbsp;&nbsp;&nbsp;&nbsp;&nbsp;&nbsp;&nbsp;&nbsp;&nbsp; &nbsp;    DORTHEA FONNESB\u00c6K<br>&nbsp;&nbsp;&nbsp;&nbsp;&nbsp;&nbsp;&nbsp;&nbsp;&nbsp;&nbsp;&nbsp;   &nbsp;&nbsp; &nbsp;BIRTHE MARIE FONNESB\u00c6K<\/p>\n\n\n\n<p>GIK I SKOLE I STUDSGAARD OG ARBEJDEDE VED LANDBRUGET OG I 1929 K\u00d8BTTE HAN G\u00c5RDEN HEDEAGER I RIND OG DREV DEN TIL 1940. DA K\u00d8BTE HAN EJENDOMMEN I VOLSG\u00c5RD OG HAVDE DEN TIL 1964; DA K\u00d8BTE HAN FORRETNING I SNEJBJERG.<\/p>\n\n\n\n<p><strong>ROSA AMALIE FONNESB\u00c6K f.NIELSEN<\/strong>\u00a0\u00a0\u00a0\u00a0\u00a0\u00a0\u00a0\u00a0 78 \u00c5R<\/p>\n\n\n\n<p>F. 19\/2 &#8211; 1908<\/p>\n\n\n\n<p><strong>\u2020<\/strong> 22\/9 \u2013 1987<\/p>\n\n\n\n<p>B. SNEJBJERG KIRKEG\u00c5RD (ID. 757\/AFD. NORD 1\/GANG 12)<\/p>\n\n\n\n<p>FAR: MURER JENS CHR. HEDEGAARD NIELSEN<br>MOR: HUSTRU ABELONE MARIE MADSEN<br>GIK I SKOLE I HELSTRUP OG FIK HUSLIG UDDANNELSE<br>INDTIL GIFTEM\u00c5LET.<br>BOSAT: SNEJBJERG PR. HERNING<br>3 B\u00d8RN:<br>IV.G.1   EIGIL VAGNER HEDEGAARD FONNESB\u00c6K<br>IV.G.2   INGRID HEDEGAARD FONNESB\u00c6K<br>IV.G.3   ALICE BIRGIT FONNESB\u00c6K<\/p>\n\n\n\n<figure class=\"wp-block-image size-large\"><img loading=\"lazy\" decoding=\"async\" width=\"169\" height=\"124\" src=\"http:\/\/www.fonnesbaek.com\/wp-content\/uploads\/2020\/01\/image-219-1.png?w=169\" alt=\"\" class=\"wp-image-438\" \/><figcaption>SNEJBJERG KIRKEG\u00c5RD<\/figcaption><\/figure>\n\n\n\n<figure class=\"wp-block-image size-large\"><img loading=\"lazy\" decoding=\"async\" width=\"434\" height=\"341\" src=\"http:\/\/www.fonnesbaek.com\/wp-content\/uploads\/2020\/01\/image-220-1.png?w=434\" alt=\"\" class=\"wp-image-439\" srcset=\"https:\/\/www.fonnesbaek.com\/wp-content\/uploads\/2020\/01\/image-220-1.png 434w, https:\/\/www.fonnesbaek.com\/wp-content\/uploads\/2020\/01\/image-220-1-300x236.png 300w\" sizes=\"auto, (max-width: 434px) 100vw, 434px\" \/><\/figure>\n\n\n\n<figure class=\"wp-block-table\"><table><tbody><tr><td>ID:<\/td><td>758<\/td><\/tr><tr><td>Afdeling:<\/td><td>Nord 1<\/td><td>Gang:<\/td><td>Gang nr. 12<\/td><\/tr><tr><td>Navn p\u00e5 afd\u00f8de:<\/td><td>Karl Fonnesb\u00e6k<\/td><td>&nbsp;<\/td><td>&nbsp;<\/td><\/tr><tr><td>F\u00f8dt den:<\/td><td>1907-04-01<\/td><td>F\u00f8dested:<\/td><td>&nbsp;<\/td><\/tr><tr><td>D\u00f8d den:<\/td><td>1993-07-25<\/td><td>D\u00f8dssted:<\/td><td>&nbsp;<\/td><\/tr><\/tbody><\/table><\/figure>\n\n\n\n<figure class=\"wp-block-table\"><table><tbody><tr><td>ID:<\/td><td>757<\/td><\/tr><tr><td>Afdeling:<\/td><td>Nord 1<\/td><td>Gang:<\/td><td>Gang nr. 12<\/td><\/tr><tr><td>Navn p\u00e5 afd\u00f8de:<\/td><td>Rosa Fonnesb\u00e6k<\/td><td>&nbsp;<\/td><td>&nbsp;<\/td><\/tr><tr><td>F\u00f8dt den:<\/td><td>1908-02-19<\/td><td>F\u00f8dested:<\/td><td>&nbsp;<\/td><\/tr><tr><td>D\u00f8d den:<\/td><td>1987-09-22<\/td><td>D\u00f8dssted:<\/td><td>&nbsp;<\/td><\/tr><\/tbody><\/table><\/figure>\n\n\n\n<p><em><strong>Dansk Demografisk Database<\/strong><\/em><br>Udtr\u00e6k fra DDD Amt : Ringk\u00f8bing 1<br>Ringk\u00f8bing amt, Hammerum herred, Gjellerup, folket\u00e6llingen<\/p>\n\n\n\n<p><br><em>1916<\/em><\/p>\n\n\n\n<p>Navn: Karl Marius Fonnesb\u00e6k K\u00f8n: M Civilstand: Ugift<\/p>\n\n\n\n<p><em>Kilde:<\/em> FT-1916 <em>Amt:<\/em> Ringk\u00f8bing <em>Herred:<\/em> Hammerum <em>Sogn:<\/em> Snejbjerg <em>Stednavn:<\/em> Liste 26 <em>Husstands-\/familienr:<\/em> 18&nbsp;&nbsp; <em>Indtastningsnr:<\/em> C4993 &nbsp; <em>L\u00f8benr.:<\/em> 1519<br>Samtlige personer i husstanden<\/p>\n\n\n\n<figure class=\"wp-block-table\"><table><tbody><tr><td>Peder Fonnesb\u00e6k<\/td><td>Gift<\/td><td>Husfader Landmand<\/td><\/tr><tr><td>Maren Fonnesb\u00e6k<\/td><td>Gift<\/td><td>Husmoder<\/td><\/tr><tr><td>Niels Fonnesb\u00e6k<\/td><td>Ugift<\/td><td>Barn<\/td><\/tr><tr><td>Dorthea Fonnesb\u00e6k<\/td><td>Ugift<\/td><td>Barn<\/td><\/tr><tr><td>Martin Fonnesb\u00e6k<\/td><td>Ugift<\/td><td>Barn<\/td><\/tr><tr><td>Karl Marius Fonnesb\u00e6k<\/td><td>Ugift<\/td><td>Barn<\/td><\/tr><tr><td>Thomas Otto Fonnesb\u00e6k<\/td><td>Ugift<\/td><td>Barn<\/td><\/tr><tr><td>&nbsp;<\/td><td>&nbsp;<\/td><td>&nbsp;<\/td><\/tr><tr><td>Jeppe Andersen<\/td><td>Ugift<\/td><td>Tjenestekarl Landbrug (Arbejdere)<\/td><\/tr><\/tbody><\/table><\/figure>\n\n\n\n<p>________________________________________<\/p>\n\n\n\n<p>Snejbjerg Karl Marius Fonnesb\u00e6k 9 ugift Liste 26 Volsgaard; 18; -; Barn ; 71916-<\/p>\n\n\n\n<p>Karl Marius Fonnesb\u00e6k F\u00f8dt kildedato: 01 apr. 1907 Adresse: Volsgaard<\/p>\n\n\n\n<p>IV.G.1<\/p>\n\n\n\n<p>EIGIL VAGNER HEDEG\u00c5RD FONNESB\u00c6K\u00a0\u00a0\u00a0\u00a0\u00a0 83 \u00c5R<br>F. 1\/9 \u2013 1931 I RIND<br>PR. 2009 SKRIVES P\u00c5 KRAK: HEDEG\u00c5RD FONNESB\u00c6K<br><strong>\u2020<\/strong> 3\/1 \u2013 2015 P\u00c5 FRIPLEJEHJEM I ARNBORG<br>G. 15\/11 \u2013 1958 I SNEJBJERG M. IDA LINDEGAARD PETERSEN<br>FAR: KARL MARIUS FONNESB\u00c6K<br>MOR: ROSA AMALIE NIELSEN<br>S\u00d8STRE: INGRID HEDEGAARD FONNESB\u00c6K<br>\u00a0\u00a0\u00a0\u00a0\u00a0\u00a0\u00a0\u00a0\u00a0\u00a0\u00a0\u00a0\u00a0    ALICE BIRGIT FONNESB\u00c6K<br>GIK I SKOLE I STUDSG\u00c5RD OG I HERNING GYMNASIUM OG ARBEJDEDE I 4 \u00c5R VED LANDBRUGET OG GIK P\u00c5 LADELUND LANDBRUGSSKOLE. 1\/9 -1958 K\u00d8BTE HAN &#8220;STENBJERGG\u00c5RD&#8221; OG I 1971 K\u00d8BTE HAN DESUDEN EN NABOEJENDOM.<br>MEDLEM AF BESTYRELSEN FOR UNGDOMSFORENINGEN OG GYMNASTIK- OG IDR\u00c6TSFORENINGEN.<br>KREDSFORMAND FOR LANDBOFORENINGEN.<br>MEDLEM AF BESTYRELSEN FOR VENSTRE V\u00c6LGERFORENING.<br>\u00a0\u00a0\u00a0\u00a0\u00a0\u00a0\u00a0\u00a0\u00a0\u00a0\u00a0\u00a0\u00a0\u00a0\u00a0\u00a0\u00a0\u00a0\u00a0\u00a0\u00a0\u00a0\u00a0\u00a0\u00a0\u00a0\u00a0\u00a0\u00a0\u00a0 <strong>IDA LINDEGAARD FONNESB\u00c6K f.PETERSEN<\/strong> 76\u00c5R<br>\u00a0\u00a0\u00a0\u00a0\u00a0\u00a0\u00a0\u00a0\u00a0\u00a0\u00a0\u00a0\u00a0\u00a0\u00a0\u00a0\u00a0\u00a0\u00a0\u00a0\u00a0\u00a0\u00a0\u00a0\u00a0\u00a0\u00a0\u00a0\u00a0\u00a0 F. 26\/2 \u2013 1939 I FILSKOV<br>\u00a0\u00a0\u00a0\u00a0\u00a0\u00a0\u00a0\u00a0\u00a0\u00a0\u00a0\u00a0\u00a0\u00a0\u00a0\u00a0\u00a0\u00a0\u00a0\u00a0\u00a0\u00a0\u00a0\u00a0\u00a0\u00a0\u00a0\u00a0\u00a0\u00a0 <strong>\u2020<\/strong> 23\/7 \u2013 2015 P\u00c5 FRIPLEJEHJEM I ARNBORG<br>\u00a0\u00a0\u00a0\u00a0\u00a0\u00a0\u00a0\u00a0\u00a0\u00a0\u00a0\u00a0\u00a0\u00a0\u00a0\u00a0\u00a0\u00a0\u00a0\u00a0\u00a0\u00a0\u00a0\u00a0\u00a0\u00a0\u00a0\u00a0\u00a0\u00a0 FAR: MEJERIBESTYRER CARL PETERSEN<br>\u00a0\u00a0\u00a0\u00a0\u00a0\u00a0\u00a0\u00a0\u00a0\u00a0\u00a0\u00a0\u00a0\u00a0\u00a0\u00a0\u00a0\u00a0\u00a0\u00a0\u00a0\u00a0\u00a0\u00a0\u00a0\u00a0\u00a0\u00a0\u00a0\u00a0 MOR: HUSTRU TOVE KOKBORG<br>\u00a0\u00a0\u00a0\u00a0\u00a0\u00a0\u00a0\u00a0\u00a0\u00a0\u00a0\u00a0\u00a0\u00a0\u00a0\u00a0\u00a0\u00a0\u00a0\u00a0\u00a0\u00a0\u00a0\u00a0\u00a0\u00a0\u00a0\u00a0\u00a0\u00a0 GIK I SKOLE I SNEJBJERG OG P\u00c5 HERNING FRISKOLE<br>\u00a0\u00a0\u00a0\u00a0\u00a0\u00a0\u00a0\u00a0\u00a0\u00a0\u00a0\u00a0\u00a0\u00a0\u00a0\u00a0\u00a0\u00a0\u00a0\u00a0\u00a0\u00a0\u00a0\u00a0\u00a0\u00a0\u00a0\u00a0\u00a0\u00a0 OG ARBEJDEDE 1 \u00c5R SOM HUSASSISTENT OG DEREFTER<br>\u00a0\u00a0\u00a0\u00a0\u00a0\u00a0\u00a0\u00a0\u00a0\u00a0\u00a0\u00a0\u00a0\u00a0\u00a0\u00a0\u00a0\u00a0\u00a0\u00a0\u00a0\u00a0\u00a0\u00a0\u00a0\u00a0\u00a0\u00a0\u00a0\u00a0 P\u00c5 VEJSTRUP UNGDOMSSKOLE OG ARBEJDEDE SOM<br>\u00a0\u00a0\u00a0\u00a0\u00a0\u00a0\u00a0\u00a0\u00a0\u00a0\u00a0\u00a0\u00a0\u00a0\u00a0\u00a0\u00a0\u00a0\u00a0\u00a0\u00a0\u00a0\u00a0\u00a0\u00a0\u00a0\u00a0\u00a0\u00a0\u00a0 KLINIKDAME I HERNING I 2 \u00c5R. DEREFTER SOM<br>\u00a0\u00a0\u00a0\u00a0\u00a0\u00a0\u00a0\u00a0\u00a0\u00a0\u00a0\u00a0\u00a0\u00a0\u00a0\u00a0\u00a0\u00a0\u00a0\u00a0\u00a0\u00a0\u00a0\u00a0\u00a0\u00a0\u00a0\u00a0\u00a0\u00a0 HUSASSISTENT INDTIL GIFTEM\u00c5LET.<br>BOSAT: STENBJERGG\u00c5RD, SNEJBJERG PR. HERNING<br>GREENVEJ 14, ARNBORG, 7400 HERNING,<br>SKOVBJERG ALLE 18A, 7400 HERNING (KRAK 2009)<br>3 B\u00d8RN:<br>IV.G.1.A KELD CARL FONNESB\u00c6K<br>IV.G.1.B LINDA AGNETHE FONNESB\u00c6K<br>IV.G.1.C HANNE FONNESB\u00c6K<\/p>\n\n\n\n<figure class=\"wp-block-table\"><table><tbody><tr><td><strong>Navn:&nbsp;<\/strong> <a href=\"https:\/\/www.myheritage.dk\/person-1000232_168681652_168681652\/eigil-vagner-hedegaard-fonnesbaek\">Eigil Vagner Hedegaard Fonnesb\u00e6k<\/a><\/td><\/tr><tr><td><strong>F\u00f8dsel:&nbsp;<\/strong>1. sep. 1933 &#8212; &nbsp;Rind Sogn<\/td><\/tr><tr><td><strong>D\u00f8d:&nbsp;<\/strong>3. jan. 2015 (Alder: 83) &#8212; &nbsp;Friplejehjem 7400 Arnborg<\/td><\/tr><tr><td><strong>Navn:&nbsp;<\/strong> <a href=\"https:\/\/www.myheritage.dk\/person-1000087_168681652_168681652\/ida-lindegaard-lindegaard-fonnesbaek-born-petersen\">Ida Lindegaard Lindegaard Fonnesb\u00e6k (born Petersen)<\/a><\/td><\/tr><tr><td><strong>F\u00f8dsel:&nbsp;<\/strong>26. feb. 1939 &#8212; &nbsp;Filskov<\/td><\/tr><tr><td><strong>D\u00f8d:&nbsp;<\/strong>23. juli 2015 (Alder: 76) &#8212; &nbsp;Friplejehjem 7400 Arnborg \u00c6gteskab 15. nov. 1958 (Alder: 27)(Alder: 19) &#8212; &nbsp;Snejbjerg Kirke<\/td><\/tr><\/tbody><\/table><\/figure>\n\n\n\n<p>FRA MY HERRITAGE\/NETTET<\/p>\n\n\n\n<p>IV.G.1.A<\/p>\n\n\n\n<p><strong>KELD CARL FONNESB\u00c6K<\/strong><br>F. 19\/3 \u2013 1960 I SNEJBJERG<br>G. ?<br>FAR: EIGIL VAGNER HEDEGAARD FONNESB\u00c6K<br>MOR: IDA LINDEGAARD PETERSEN<br>S\u00d8STRE: LINDA AGNETHE FONNESB\u00c6K<br>\u00a0\u00a0\u00a0\u00a0\u00a0\u00a0\u00a0\u00a0\u00a0\u00a0\u00a0\u00a0\u00a0 HANNE FONNESB\u00c6K<br>MONT\u00d8R<br>BOSAT: PR\u00c6STEV\u00c6NGET 26, 7480 VILDBJERG<br>SILKEBORGVEJ 46A, 7400 HERNING,<br>GL. SKOLEVEJ 82, 7400 HERNING\u00a0 (KRAK 2009)<\/p>\n\n\n\n<p><em><strong>Keld<\/strong><\/em> CarlFonnesb\u00e6k, Gl. Skolevej 82 1 7400 Herning (KRAK 2019)<\/p>\n\n\n\n<p>IV.G.1.B<\/p>\n\n\n\n<p><strong>LINDA AGNETHE FONNESB\u00c6K<\/strong><br>F. 10\/5 \u2013 1962 I SNEJBJERG<br>G. ? M. HELGE KRISTENSEN<br>FAR: EIGIL VAGNER HEDEGAARD FONNESB\u00c6K<br>MOR: IDA LINDEGAARD PETERSEN<br>BROR: \u00a0\u00a0\u00a0\u00a0KELD CARL FONNESB\u00c6K<br>S\u00d8STER: HANNE FONNESB\u00c6K<br>\u00a0\u00a0\u00a0\u00a0\u00a0\u00a0\u00a0\u00a0\u00a0\u00a0\u00a0\u00a0\u00a0\u00a0\u00a0\u00a0\u00a0\u00a0 <strong>HELGE KRISTENSEN<\/strong><br>\u00a0\u00a0\u00a0\u00a0\u00a0\u00a0\u00a0\u00a0\u00a0\u00a0\u00a0\u00a0\u00a0\u00a0\u00a0\u00a0\u00a0\u00a0 F.?<br>\u00a0\u00a0\u00a0\u00a0\u00a0\u00a0\u00a0\u00a0\u00a0\u00a0\u00a0\u00a0\u00a0\u00a0\u00a0\u00a0\u00a0\u00a0 FAR: ?<br>\u00a0\u00a0\u00a0\u00a0\u00a0\u00a0\u00a0\u00a0\u00a0\u00a0\u00a0\u00a0\u00a0\u00a0\u00a0\u00a0\u00a0\u00a0 MOR: ?<br>BOSAT: HJ\u00d8LUND 2, ARNBORG, 7400 HERNING<\/p>\n\n\n\n<p>IV.G.1.C<\/p>\n\n\n\n<p><strong>HANNE FONNESB\u00c6K<\/strong><br>F. 31\/10 \u2013 1967 I SNEJBJERG<br>G. ? M. PETER POULSEN<br>FAR: EIGIL VAGNER HEDEGAARD FONNESB\u00c6K<br>MOR: \u00a0\u00a0IDA LINDEGAARD PETERSEN<br>BROR: KELD CARL FONNESB\u00c6K<br>S\u00d8STER: LINDA AGNETHE FONNESB\u00c6K<br>\u00a0\u00a0\u00a0\u00a0\u00a0\u00a0\u00a0\u00a0\u00a0\u00a0\u00a0\u00a0\u00a0\u00a0\u00a0\u00a0\u00a0 <strong>PETER POULSEN<\/strong><br>\u00a0\u00a0\u00a0\u00a0\u00a0\u00a0\u00a0\u00a0\u00a0\u00a0\u00a0\u00a0\u00a0\u00a0\u00a0\u00a0\u00a0 F. ?<br>\u00a0\u00a0\u00a0\u00a0\u00a0\u00a0\u00a0\u00a0\u00a0\u00a0\u00a0\u00a0\u00a0\u00a0\u00a0\u00a0\u00a0 FAR: ?<br>\u00a0\u00a0\u00a0\u00a0\u00a0\u00a0\u00a0\u00a0\u00a0\u00a0\u00a0\u00a0\u00a0\u00a0\u00a0\u00a0\u00a0 MOR: ?<br>TIDL. BOSAT: AHORNVEJ 41, 9575 TERNDRUP<br>BOSAT: CASTORV\u00c6NGET 15, 7000 FREDERICIA (KRAK2009)<br>ELLER<\/p>\n\n\n\n<p>KL\u00d8VERV\u00c6NGET 3, 8620 KJELLERUP<\/p>\n\n\n\n<p>GOOGLE:<br>Hanne Fonnesb\u00e6k<br>C i r k u l a t i o n<br>Udgivet af:<br>GRUNDFOS DK A\/S<br>Poul Due Jensens vej 7A<br>8850 Bjerringbro<br>Telefon<br>Oplag:<br>6000 eksemplarer<br>Ansv. redakt\u00f8r:<br>Hanne Fonnesb\u00e6k<\/p>\n\n\n\n<p>IV.G.2<\/p>\n\n\n\n<p><strong>INGRID HEDEGAARD FONNESB\u00c6K<\/strong><br>F. 1.\/4 \u2013 1933 I RIND<br><strong>\u2020 <\/strong>?<br>G. 28\/9 \u2013 1954 I STUDSG\u00c5RD M. POUL ANDERS SKYT<br>FAR: KARL MARIUS FONNESB\u00c6K<br>MOR: ROSA AMALIE NIELSEN<br>BROR: \u00a0\u00a0\u00a0\u00a0EIGIL VAGNER HEDEGAARD FONNESB\u00c6K<br>S\u00d8STER: ALICE BIRGIT FONNESB\u00c6K<br>GIK I SKOLE I STUDSG\u00c5RD OG ARBEJDEDE SOM SYERSKE HOS POUL KR\u00d8JGAARD, HERNING OG ARBEJDEDE SOM SYERSKE VED SVIGERFADEREN.<br>\u00a0\u00a0\u00a0\u00a0\u00a0\u00a0\u00a0\u00a0\u00a0\u00a0\u00a0\u00a0\u00a0\u00a0\u00a0\u00a0 <strong>POUL ANDERS SKYT<\/strong><br>\u00a0\u00a0\u00a0\u00a0\u00a0\u00a0\u00a0\u00a0\u00a0\u00a0\u00a0\u00a0\u00a0\u00a0\u00a0\u00a0 F. 13\/7 \u2013 1929 I VILHOLT<br>\u00a0\u00a0\u00a0\u00a0\u00a0\u00a0\u00a0\u00a0\u00a0\u00a0\u00a0\u00a0\u00a0\u00a0\u00a0\u00a0 <strong>\u2020<\/strong> ?<br>\u00a0\u00a0\u00a0\u00a0\u00a0\u00a0\u00a0\u00a0\u00a0\u00a0\u00a0\u00a0\u00a0\u00a0\u00a0\u00a0 FAR: FABRIKANT S\u00d8REN SKYT<br>\u00a0\u00a0\u00a0\u00a0\u00a0\u00a0\u00a0\u00a0\u00a0\u00a0\u00a0\u00a0\u00a0\u00a0\u00a0\u00a0 MOR: HUSTRU HELGA ANDERSEN<br>\u00a0\u00a0\u00a0\u00a0\u00a0\u00a0\u00a0\u00a0\u00a0\u00a0\u00a0\u00a0\u00a0\u00a0\u00a0\u00a0 GIK I GYMNASIET I HERNING OG UDDANNET INDEN FOR<br>\u00a0\u00a0\u00a0\u00a0\u00a0\u00a0\u00a0\u00a0\u00a0\u00a0\u00a0\u00a0\u00a0\u00a0\u00a0\u00a0 TRIKOTAGEBRANCHEN HOS POUL KR\u00d8JGAARD I<br>\u00a0\u00a0\u00a0\u00a0\u00a0\u00a0\u00a0\u00a0\u00a0\u00a0\u00a0\u00a0\u00a0\u00a0\u00a0\u00a0 HERNING I 10 \u00c5R; 4 \u00c5R SOM 1. MAND OG I CA. 1959<br>\u00a0\u00a0\u00a0\u00a0\u00a0\u00a0\u00a0\u00a0\u00a0\u00a0\u00a0\u00a0\u00a0\u00a0\u00a0\u00a0 ETABLEREDE HAN MED EN BRODER EN TRIKOTAGE-<br>\u00a0\u00a0\u00a0\u00a0\u00a0\u00a0\u00a0\u00a0\u00a0\u00a0\u00a0\u00a0\u00a0\u00a0\u00a0\u00a0 FABRIK IG SENERE I KOMPAGNI MED FADEREN.<br>BOSAT: SLAGELSEGADE 36, 7400 HERNING<br>1 DATTER:<br>IV.G.2.A   ANETTE SOLVEIG FONNESB\u00c6K SKYT PERSSON<\/p>\n\n\n\n<p>IV.G.2.A<\/p>\n\n\n\n<p><strong>ANETTE SOLVEIG FONNESB\u00c6K SKYT PERSSON<\/strong><br>F. 24\/12 \u2013 1957 I HERNING<br>G. XX M. PERSSON<br>FAR: POUL ANDERS SKYT<br>MOR: INGRID HEDEGAARD FONNESB\u00c6K<br>\u00a0\u00a0\u00a0\u00a0\u00a0\u00a0\u00a0\u00a0\u00a0\u00a0\u00a0\u00a0\u00a0\u00a0\u00a0\u00a0\u00a0 <strong>XX PERSSON<\/strong><br>\u00a0\u00a0\u00a0\u00a0\u00a0\u00a0\u00a0\u00a0\u00a0\u00a0\u00a0\u00a0\u00a0\u00a0\u00a0\u00a0\u00a0 F. ?<br>\u00a0\u00a0\u00a0\u00a0\u00a0\u00a0\u00a0\u00a0\u00a0\u00a0\u00a0\u00a0\u00a0\u00a0\u00a0\u00a0\u00a0 FAR: ?<br>\u00a0\u00a0\u00a0\u00a0\u00a0\u00a0\u00a0\u00a0\u00a0\u00a0\u00a0\u00a0\u00a0\u00a0\u00a0\u00a0\u00a0 MOR: ?<br>BOSAT: JEPPE AAKJ\u00c6RS VEJ 24, 7400 HERNING<\/p>\n\n\n\n<p>GOOGLE:<br>\u00a0\u00a0\u00a0\u00a0\u00a0\u00a0\u00a0 Fagteamets arbejde med nye pr\u00f8veformer &#8211; Anette Fonnesb\u00e6k Skyt &#8230;<br>\u00a0\u00a0\u00a0\u00a0\u00a0\u00a0\u00a0 Fagteamets arbejde med nye pr\u00f8veformer &#8211; Dansk og fremmedsprog af Anette\u00a0\u00a0\u00a0\u00a0\u00a0\u00a0\u00a0\u00a0 Fonnesb\u00e6k Skyt. Beskrivelser af fagteamets &#8230;<br>Anette Fonnesb\u00e6k Skyt er folkeskolel\u00e6rer og cand.p\u00e6d. i dansk fra 2004 med kandidatspeciale i \u00bbNye pr\u00f8veformer i mundtlig dansk\u00ab.<\/p>\n\n\n\n<p>IV.G.3<\/p>\n\n\n\n<p><strong>ALICE BIRGIT FONNESB\u00c6K<\/strong><br>F. 13\/12 \u2013 1941 I STUDSG\u00c5RD, SNEJBJERG SOGN<br><strong>\u2020<\/strong> ?<br>G. 16\/5 \u2013 1964 I STUDSG\u00c5RD M. J\u00d8RGEN BIRK HANSEN<br>FAR: KARL MARIUS FONNESB\u00c6K<br>MOR: ROSA AMALIE NIELSEN<br>BROR: EIGIL VAGNER HEDEGAARD FONNESB\u00c6K<br>S\u00d8STER: INGRID HEDEGAARD FONNESB\u00c6K<br>GIK I SKOLE I STUDSG\u00c5RD OG ARBEJDEDE SOM HUSASSISTENT INDTIL GIFTEM\u00c5LET.<br>\u00a0\u00a0\u00a0\u00a0\u00a0\u00a0\u00a0\u00a0\u00a0\u00a0\u00a0\u00a0\u00a0\u00a0\u00a0\u00a0\u00a0\u00a0 <strong>J\u00d8RGEN BIRK HANSEN<\/strong><br>\u00a0\u00a0\u00a0\u00a0\u00a0\u00a0\u00a0\u00a0\u00a0\u00a0\u00a0\u00a0\u00a0\u00a0\u00a0\u00a0\u00a0\u00a0 F. 7\/11 \u2013 1939 I SNEJBJERG<br>\u00a0\u00a0\u00a0\u00a0\u00a0\u00a0\u00a0\u00a0\u00a0\u00a0\u00a0\u00a0\u00a0\u00a0\u00a0\u00a0\u00a0\u00a0 <strong>\u2020<\/strong> ?<br>\u00a0\u00a0\u00a0\u00a0\u00a0\u00a0\u00a0\u00a0\u00a0\u00a0\u00a0\u00a0\u00a0\u00a0\u00a0\u00a0\u00a0\u00a0 FAR: G\u00c5RDEJER TH. HANSEN<br>\u00a0\u00a0\u00a0\u00a0\u00a0\u00a0\u00a0\u00a0\u00a0\u00a0\u00a0\u00a0\u00a0\u00a0\u00a0\u00a0\u00a0\u00a0 MOR: HUSTRU ANNE OKKELS BIRK<br>\u00a0\u00a0\u00a0\u00a0\u00a0\u00a0\u00a0\u00a0\u00a0\u00a0\u00a0\u00a0\u00a0\u00a0\u00a0\u00a0\u00a0\u00a0 GIK I SKOLE I HERNING OG GIK I 1954 -1955 P\u00c5<br>\u00a0\u00a0\u00a0\u00a0\u00a0\u00a0\u00a0\u00a0\u00a0\u00a0\u00a0\u00a0\u00a0\u00a0\u00a0\u00a0\u00a0\u00a0 BREGNINGG\u00c5RD EFTERSKOLE. DEREFTER P\u00c5 R\u00d8DDING<br>\u00a0\u00a0\u00a0\u00a0\u00a0\u00a0\u00a0\u00a0\u00a0\u00a0\u00a0\u00a0\u00a0\u00a0\u00a0\u00a0\u00a0\u00a0 H\u00d8JSKOLE OG 1962 -1964 P\u00c5 BYGHOLM<br>\u00a0\u00a0\u00a0\u00a0\u00a0\u00a0\u00a0\u00a0\u00a0\u00a0\u00a0\u00a0\u00a0\u00a0\u00a0\u00a0\u00a0\u00a0 LANDBRUGSSKOLE OG OVERTOG ST. DYRMOSE<br>\u00a0\u00a0\u00a0\u00a0\u00a0\u00a0\u00a0\u00a0\u00a0\u00a0\u00a0\u00a0\u00a0\u00a0\u00a0\u00a0\u00a0\u00a0 DEN 1.\/4 -1964.<br>BOSAT: ST. DYRMOSE, NR. FELDING 7500 HOLSTEBRO\/ DYRMOSEVEJ 4<br>\/ KLINTEVEJ 8, 7500 HOLSTEBRO (KRAK 2009)<br>3 B\u00d8RN:<br>IV.G.3.A MOGENS BIRK HANSEN<br>IV.G.3.B HENRIK BIRK HANSEN<br>IV.G.3.C BIRGITTE BIRK HANSEN<\/p>\n\n\n\n<p>IV.G.3.A<\/p>\n\n\n\n<p><strong>MOGENS BIRK HANSEN<\/strong><br>F. 9\/8 \u2013 1966 I NR. FELDING<br>G. XX M. JYTTE BIRK f.<br>FAR: J\u00d8RGEN BIRK HANSEN<br>MOR: ALICE BIRGIT FONNESB\u00c6K<br>BROR: HENRIK BIRK HANSEN<br>S\u00d8STER: BIRGITTE BIRK HANSEN<br>\u00a0\u00a0\u00a0\u00a0\u00a0\u00a0\u00a0\u00a0\u00a0\u00a0\u00a0\u00a0\u00a0\u00a0\u00a0\u00a0\u00a0 <strong>JYTTE BIRK<\/strong><br>\u00a0\u00a0\u00a0\u00a0\u00a0\u00a0\u00a0\u00a0\u00a0\u00a0\u00a0\u00a0\u00a0\u00a0\u00a0\u00a0\u00a0 F. ?<br>\u00a0\u00a0\u00a0\u00a0\u00a0\u00a0\u00a0\u00a0\u00a0\u00a0\u00a0\u00a0\u00a0\u00a0\u00a0\u00a0\u00a0 FAR: ?<br>\u00a0\u00a0\u00a0\u00a0\u00a0\u00a0\u00a0\u00a0\u00a0\u00a0\u00a0\u00a0\u00a0\u00a0\u00a0\u00a0\u00a0 MOR: ?<br>TIDL. BOSAT: LILJEKONVALLEN 32, 7500 HOLSTEBRO<br>BOSAT: INDELUKKET 10, 4100 RINGSTED (KRAK 2009)<\/p>\n\n\n\n<p>IV.G.3.B<\/p>\n\n\n\n<p><strong>HENRIK BIRK HANSEN<\/strong><br>F. 8\/6 \u2013 1969 I NR. FELDING<br>G. ?<br>FAR: J\u00d8RGEN BIRK HANSEN<br>MOR: ALICE BIRGIT FONNESB\u00c6K<br>BROR: MOGENS BIRK HANSEN<br>S\u00d8STER: BIRGITTE BIRK HANSEN<br>TIDL. BOSAT: ROLFSVEJ 26, TV, 2000 FREDERIKSBERG<br>BOSAT: SCT. J\u00d8RGENSBJERG 4C 1, 4400 KALUNDBORG (KRAK 2009)<\/p>\n\n\n\n<p>IV.G.3.C<\/p>\n\n\n\n<p><strong>BIRGITTE BIRK HANSEN<\/strong><br>F. ?<br>G. ? M. MICHAEL<br>FAR: J\u00d8RGEN BIRK HANSEN<br>MOR: ALICE BIRGIT FONNESB\u00c6K<br>BR\u00d8DRE: MOGENS BIRK HANSEN<br>HENRIK BIRK HANSEN<br>\u00a0\u00a0\u00a0\u00a0\u00a0\u00a0\u00a0\u00a0\u00a0\u00a0\u00a0 <strong>MICHAEL<\/strong><br>\u00a0\u00a0\u00a0\u00a0\u00a0\u00a0\u00a0\u00a0\u00a0\u00a0\u00a0 F. ?<br>\u00a0\u00a0\u00a0\u00a0\u00a0\u00a0\u00a0\u00a0\u00a0\u00a0\u00a0 FAR: ?<br>\u00a0\u00a0\u00a0\u00a0\u00a0\u00a0\u00a0\u00a0\u00a0\u00a0\u00a0 MOR: ?<br>BOSAT: NORDRE FRIHAVN 73,1 T\u00d8, 2100 K\u00d8BENHAVN \u00d8.<\/p>\n\n\n\n<p><\/p>\n\n\n\n<p>SLUT<\/p>\n\n\n\n<p><\/p>\n","protected":false},"excerpt":{"rendered":"<p>IV.G KARL MARIUS FONNESB\u00c6K&nbsp;&nbsp;&nbsp;&nbsp;&nbsp;&nbsp;&nbsp;&nbsp;&nbsp;&nbsp;&nbsp;&nbsp;&nbsp;&nbsp;&nbsp;&nbsp;&nbsp;&nbsp; 86 \u00c5R F. 1.\/4 \u2013 1907 I STUDSG\u00c5RD, SNEJBJERG SOGN \u2020 25\/7 \u2013 1993 B. SNEJBJERG KIRKEG\u00c5RD (ID. 758\/AFD. NORD 1\/GANG 12) G. 28\/9 \u2013 1929 I STUDST\u00c5RD M. ROSA AMALIE NIELSEN FAR: CHRISTEN PEDER FONNESB\u00c6KMOR: MAREN NIELSENBR\u00d8DRE: THOMAS OTTO FONNESB\u00c6K&nbsp;&nbsp;&nbsp;&nbsp;&nbsp;&nbsp;&nbsp;&nbsp;&nbsp;&nbsp;&nbsp;&nbsp; &nbsp; &nbsp;JENS FONNESB\u00c6K&nbsp;&nbsp;&nbsp;&nbsp; &nbsp; &nbsp;&nbsp;&nbsp;&nbsp;&nbsp; &nbsp;&nbsp; NIELS JUUL MUNKGAARD FONNESB\u00c6K&nbsp;&nbsp;&nbsp;&nbsp;&nbsp;&nbsp;&nbsp;&nbsp;&nbsp;&nbsp;&nbsp;&nbsp;&nbsp;&nbsp; [&hellip;]<\/p>\n","protected":false},"author":1,"featured_media":0,"parent":0,"menu_order":0,"comment_status":"closed","ping_status":"closed","template":"","meta":{"footnotes":""},"class_list":["post-162","page","type-page","status-publish","hentry"],"_links":{"self":[{"href":"https:\/\/www.fonnesbaek.com\/index.php\/wp-json\/wp\/v2\/pages\/162","targetHints":{"allow":["GET"]}}],"collection":[{"href":"https:\/\/www.fonnesbaek.com\/index.php\/wp-json\/wp\/v2\/pages"}],"about":[{"href":"https:\/\/www.fonnesbaek.com\/index.php\/wp-json\/wp\/v2\/types\/page"}],"author":[{"embeddable":true,"href":"https:\/\/www.fonnesbaek.com\/index.php\/wp-json\/wp\/v2\/users\/1"}],"replies":[{"embeddable":true,"href":"https:\/\/www.fonnesbaek.com\/index.php\/wp-json\/wp\/v2\/comments?post=162"}],"version-history":[{"count":0,"href":"https:\/\/www.fonnesbaek.com\/index.php\/wp-json\/wp\/v2\/pages\/162\/revisions"}],"wp:attachment":[{"href":"https:\/\/www.fonnesbaek.com\/index.php\/wp-json\/wp\/v2\/media?parent=162"}],"curies":[{"name":"wp","href":"https:\/\/api.w.org\/{rel}","templated":true}]}}